{"id":142,"date":"2018-07-22T16:08:49","date_gmt":"2018-07-22T19:08:49","guid":{"rendered":"http:\/\/seanima.org\/content\/?page_id=142"},"modified":"2024-11-28T23:10:26","modified_gmt":"2024-11-29T01:10:26","slug":"sobre","status":"publish","type":"page","link":"http:\/\/seanima.org\/content\/","title":{"rendered":"in\u00edcio"},"content":{"rendered":"<div class=\"kvgmc6g5 cxmmr5t8 oygrvhab hcukyx3x c1et5uql ii04i59q\">\n<div dir=\"auto\">\n<h1><img loading=\"lazy\" decoding=\"async\" class=\"wp-image-695 size-full aligncenter\" src=\"http:\/\/seanima.org\/content\/wp-content\/uploads\/2024\/09\/banner_para_site_768_x_433.png\" alt=\"\" width=\"768\" height=\"433\" srcset=\"http:\/\/seanima.org\/content\/wp-content\/uploads\/2024\/09\/banner_para_site_768_x_433.png 768w, http:\/\/seanima.org\/content\/wp-content\/uploads\/2024\/09\/banner_para_site_768_x_433-300x169.png 300w\" sizes=\"auto, (max-width: 767px) 89vw, (max-width: 1000px) 54vw, (max-width: 1071px) 543px, 580px\" \/><\/h1>\n<h1><strong>At\u00e9 breve correligion\u00e1rios! <br \/>O\u00a0 SeAnima 2024 se despede, mas&#8230;<\/strong><\/h1>\n<p>nossa programa\u00e7\u00e3o dos dias 26, 27 e 28 de Novembro segue\u00a0<a href=\"https:\/\/www.youtube.com\/@seanima_br\">dispon\u00edvel\u00a0aqui<\/a>! <\/p>\n<p><strong>Acompanhe nossas redes: <br \/><\/strong>Youtube: <a href=\"https:\/\/www.youtube.com\/channel\/UC8Zo02tnug66-xvG1jCOnnA\">@seanima_br<\/a> <br \/>Instagram: <a href=\"https:\/\/www.instagram.com\/seanima_br\/\">@seanima_br<\/a> <br \/>Facebook: <a href=\"https:\/\/www.facebook.com\/seanimabr\/\">@seanimabr\u00a0<\/a><\/div>\n<h1 dir=\"auto\"><strong>Celebrando a vida:<\/strong><\/h1>\n<div dir=\"auto\">:: <strong>Ota<\/strong>: Uma homenagem com convidados ilustres: Ricardo Leite, Bruno Porto, Luciana Druzina, Fernando Miller e Marcelo Mar\u00e3o . Media\u00e7\u00e3o: Claudia Bolshaw e Gabriel cruz<\/div>\n<\/div>\n<div class=\"o9v6fnle cxmmr5t8 oygrvhab hcukyx3x c1et5uql ii04i59q\">\n<div dir=\"auto\">Data: 29 de setembro de 2021<\/div>\n<div dir=\"auto\">Hor\u00e1rio: 18:00<\/div>\n<div dir=\"auto\">Transmiss\u00e3o: <a class=\"oajrlxb2 g5ia77u1 qu0x051f esr5mh6w e9989ue4 r7d6kgcz rq0escxv nhd2j8a9 nc684nl6 p7hjln8o kvgmc6g5 cxmmr5t8 oygrvhab hcukyx3x jb3vyjys rz4wbd8a qt6c0cv9 a8nywdso i1ao9s8h esuyzwwr f1sip0of lzcic4wl py34i1dx gpro0wi8\" tabindex=\"0\" role=\"link\" href=\"https:\/\/www.youtube.com\/watch?v=8v8uZ9R0Vqo&amp;fbclid=IwAR3GWWGEKiqmQQ8o1kuakTZSDy5S-MIUhYA_ExxNjyxjR-SPrMcTgHvYm7Q\" target=\"_blank\" rel=\"nofollow noopener\">https:\/\/www.youtube.com\/watch?v=8v8uZ9R0Vqo<\/a><\/div>\n<div dir=\"auto\">.<\/div>\n<\/div>\n<p><a href=\"http:\/\/seanima.org\/content\/wp-content\/uploads\/2021\/09\/243886411_973536446836739_6906337964073238570_n.jpeg\"><img loading=\"lazy\" decoding=\"async\" class=\"alignnone size-medium wp-image-622\" src=\"http:\/\/seanima.org\/content\/wp-content\/uploads\/2021\/09\/243886411_973536446836739_6906337964073238570_n-300x285.jpeg\" alt=\"\" width=\"300\" height=\"285\" srcset=\"http:\/\/seanima.org\/content\/wp-content\/uploads\/2021\/09\/243886411_973536446836739_6906337964073238570_n-300x285.jpeg 300w, http:\/\/seanima.org\/content\/wp-content\/uploads\/2021\/09\/243886411_973536446836739_6906337964073238570_n-768x729.jpeg 768w, http:\/\/seanima.org\/content\/wp-content\/uploads\/2021\/09\/243886411_973536446836739_6906337964073238570_n-1024x972.jpeg 1024w, http:\/\/seanima.org\/content\/wp-content\/uploads\/2021\/09\/243886411_973536446836739_6906337964073238570_n.jpeg 1256w\" sizes=\"auto, (max-width: 300px) 100vw, 300px\" \/><\/a> \u00a0 <strong>:: SEANIMA Mem\u00f3ria &#8211; Homenagem a Antonio Moreno<\/strong> <a href=\"http:\/\/seanima.org\/content\/wp-content\/uploads\/2021\/06\/WhatsApp-Image-2021-06-02-at-16.11.14.jpeg\"><img loading=\"lazy\" decoding=\"async\" class=\"alignnone size-medium wp-image-602\" src=\"http:\/\/seanima.org\/content\/wp-content\/uploads\/2021\/06\/WhatsApp-Image-2021-06-02-at-16.11.14-300x285.jpeg\" alt=\"\" width=\"300\" height=\"285\" srcset=\"http:\/\/seanima.org\/content\/wp-content\/uploads\/2021\/06\/WhatsApp-Image-2021-06-02-at-16.11.14-300x285.jpeg 300w, http:\/\/seanima.org\/content\/wp-content\/uploads\/2021\/06\/WhatsApp-Image-2021-06-02-at-16.11.14-768x729.jpeg 768w, http:\/\/seanima.org\/content\/wp-content\/uploads\/2021\/06\/WhatsApp-Image-2021-06-02-at-16.11.14-1024x972.jpeg 1024w, http:\/\/seanima.org\/content\/wp-content\/uploads\/2021\/06\/WhatsApp-Image-2021-06-02-at-16.11.14.jpeg 1256w\" sizes=\"auto, (max-width: 300px) 100vw, 300px\" \/><\/a> Recebemos a triste not\u00edcia de que nosso mestre Antonio Moreno deixou este mundo, v\u00edtima de infarto. Influente pesquisador, a obra de Moreno, \u201cA Experi\u00eancia Brasileira no Cinema de Anima\u00e7\u00e3o\u201d foi pioneira e por muitos anos a \u00fanica fonte de dados sobre nossa hist\u00f3ria da anima\u00e7\u00e3o. Antonio Moreno deixa um enorme legado e a saudade. Em homenagem a ele haver\u00e1 uma live dia 3 de junho \u00e0s 19h, com transmiss\u00e3o pelo nosso canal no youtube. <iframe loading=\"lazy\" title=\"YouTube video player\" src=\"https:\/\/www.youtube.com\/embed\/1shIKaDzq1o\" width=\"560\" height=\"315\" frameborder=\"0\" allowfullscreen=\"allowfullscreen\" data-mce-fragment=\"1\"><\/iframe> <strong>O QUE \u00c9 O SEANIMA?<\/strong> <span style=\"font-weight: 400;\">O Semin\u00e1rio Brasileiro de Estudos em Anima\u00e7\u00e3o (Seanima) \u00e9 uma <strong>rede de pesquisadores<\/strong> fundada em setembro de 2018 que reune <strong>estudos de discentes de gradua\u00e7\u00e3o, mestrandos,<\/strong><\/span><span style=\"font-weight: 400;\"><strong> mestres, doutores e docentes<\/strong> de escolas de cinema, audiovisual, anima\u00e7\u00e3o\u00a0<\/span><span style=\"font-weight: 400;\">e design<\/span><span style=\"font-weight: 400;\"> brasileiras para a discuss\u00e3o de <strong>temas da anima\u00e7\u00e3o<\/strong>, como \u00e1rea identificada com o campo do cinema e audiovisual, <strong>e suas correla\u00e7\u00f5es com games, motion design e efeitos visuais<\/strong>.<\/span> A rede <strong>realiza semin\u00e1rios anuais, abertos \u00e0 inscri\u00e7\u00e3o de todos os pesquisadores,\u00a0 sediados em escolas que oferecem forma\u00e7\u00e3o identificada com as \u00e1reas de estudo<\/strong>. O primeiro evento, de funda\u00e7\u00e3o da rede, ocorreu\u00a0na\u00a0Escola de Comunica\u00e7\u00e3o, Artes e Design Famecos da Pontif\u00edcia Universidade Cat\u00f3lica do Rio Grande do Sul (PUCRS), em Porto Alegre\/RS, antecedendo<span style=\"font-weight: 400;\">\u00a0o XIV Congresso do <strong>F\u00f3rum Brasileiro de Cinema e Audiovisual (Forcine) <\/strong>que ocorreu na mesma escola e universidade.<\/span> A segunda edi\u00e7\u00e3o <strong>ocorreu entre os dias 15 e 17 de julho de 2019<\/strong> na <strong>Universidade Veiga de Almeida (UVA)<\/strong>, na cidade do Rio de Janeiro\/RJ. O evento reuniu pesquisadores e realizadores das \u00e1reas de cinema, audiovisual e design do Brasil e suas correla\u00e7\u00f5es nos campos de games, motion graphics e efeitos visuais. O evento contou com a exibi\u00e7\u00e3o de trabalhos realizados nas escolas brasileiras de anima\u00e7\u00e3o e um f\u00f3rum de encontro da rede de pesquisadores de anima\u00e7\u00e3o, games e motion graphics. <span style=\"font-weight: 400;\">A organiza\u00e7\u00e3o do semin\u00e1rio realizou-se por iniciativa de um grupo de pesquisadores e professores de escolas brasileiras de anima\u00e7\u00e3o e design, em n\u00edvel superior de diversas regi\u00f5es do Brasil.\u00a0<\/span><\/p>\n","protected":false},"excerpt":{"rendered":"<p>At\u00e9 breve correligion\u00e1rios! O\u00a0 SeAnima 2024 se despede, mas&#8230; nossa programa\u00e7\u00e3o dos dias 26, 27 e 28 de Novembro segue\u00a0dispon\u00edvel\u00a0aqui! Acompanhe nossas redes: Youtube: @seanima_br Instagram: @seanima_br Facebook: @seanimabr\u00a0 Celebrando a vida: :: Ota: Uma homenagem com convidados ilustres: Ricardo Leite, Bruno Porto, Luciana Druzina, Fernando Miller e Marcelo Mar\u00e3o . Media\u00e7\u00e3o: Claudia Bolshaw e &hellip; <\/p>\n<p class=\"link-more\"><a href=\"http:\/\/seanima.org\/content\/\" class=\"more-link\">Continue lendo<span class=\"screen-reader-text\"> &#8220;in\u00edcio&#8221;<\/span><\/a><\/p>\n","protected":false},"author":1,"featured_media":0,"parent":0,"menu_order":0,"comment_status":"closed","ping_status":"closed","template":"","meta":{"footnotes":"","_links_to":"","_links_to_target":""},"class_list":["post-142","page","type-page","status-publish","hentry"],"_links":{"self":[{"href":"http:\/\/seanima.org\/content\/wp-json\/wp\/v2\/pages\/142","targetHints":{"allow":["GET"]}}],"collection":[{"href":"http:\/\/seanima.org\/content\/wp-json\/wp\/v2\/pages"}],"about":[{"href":"http:\/\/seanima.org\/content\/wp-json\/wp\/v2\/types\/page"}],"author":[{"embeddable":true,"href":"http:\/\/seanima.org\/content\/wp-json\/wp\/v2\/users\/1"}],"replies":[{"embeddable":true,"href":"http:\/\/seanima.org\/content\/wp-json\/wp\/v2\/comments?post=142"}],"version-history":[{"count":94,"href":"http:\/\/seanima.org\/content\/wp-json\/wp\/v2\/pages\/142\/revisions"}],"predecessor-version":[{"id":715,"href":"http:\/\/seanima.org\/content\/wp-json\/wp\/v2\/pages\/142\/revisions\/715"}],"wp:attachment":[{"href":"http:\/\/seanima.org\/content\/wp-json\/wp\/v2\/media?parent=142"}],"curies":[{"name":"wp","href":"https:\/\/api.w.org\/{rel}","templated":true}]}}