{"id":146,"date":"2018-07-22T16:11:09","date_gmt":"2018-07-22T19:11:09","guid":{"rendered":"http:\/\/seanima.org\/content\/?page_id=146"},"modified":"2020-10-30T18:13:18","modified_gmt":"2020-10-30T21:13:18","slug":"contato","status":"publish","type":"page","link":"http:\/\/seanima.org\/content\/contato\/","title":{"rendered":"contato"},"content":{"rendered":"<p>O contato com a organiza\u00e7\u00e3o do Semin\u00e1rio Brasileiro de Estudos em Anima\u00e7\u00e3o pode ser feito atrav\u00e9s do e-mail <strong>contato.seanima@gmail.com<\/strong>.<\/p>\n<p>Youtube: <a href=\"https:\/\/www.youtube.com\/channel\/UC8Zo02tnug66-xvG1jCOnnA\">@seanima_br<\/a><br \/>\nInstagram: <a href=\"https:\/\/www.instagram.com\/seanima_br\/\">@seanima_br<\/a><br \/>\nFacebook: <a href=\"https:\/\/www.facebook.com\/seanimabr\/\">@seanimabr<\/a><\/p>\n<p>&nbsp;<\/p>\n<p>&nbsp;<\/p>\n","protected":false},"excerpt":{"rendered":"<p>O contato com a organiza\u00e7\u00e3o do Semin\u00e1rio Brasileiro de Estudos em Anima\u00e7\u00e3o pode ser feito atrav\u00e9s do e-mail contato.seanima@gmail.com. Youtube: @seanima_br Instagram: @seanima_br Facebook: @seanimabr &nbsp; &nbsp;<\/p>\n","protected":false},"author":1,"featured_media":0,"parent":0,"menu_order":0,"comment_status":"closed","ping_status":"closed","template":"","meta":{"footnotes":"","_links_to":"","_links_to_target":""},"class_list":["post-146","page","type-page","status-publish","hentry"],"_links":{"self":[{"href":"http:\/\/seanima.org\/content\/wp-json\/wp\/v2\/pages\/146","targetHints":{"allow":["GET"]}}],"collection":[{"href":"http:\/\/seanima.org\/content\/wp-json\/wp\/v2\/pages"}],"about":[{"href":"http:\/\/seanima.org\/content\/wp-json\/wp\/v2\/types\/page"}],"author":[{"embeddable":true,"href":"http:\/\/seanima.org\/content\/wp-json\/wp\/v2\/users\/1"}],"replies":[{"embeddable":true,"href":"http:\/\/seanima.org\/content\/wp-json\/wp\/v2\/comments?post=146"}],"version-history":[{"count":5,"href":"http:\/\/seanima.org\/content\/wp-json\/wp\/v2\/pages\/146\/revisions"}],"predecessor-version":[{"id":515,"href":"http:\/\/seanima.org\/content\/wp-json\/wp\/v2\/pages\/146\/revisions\/515"}],"wp:attachment":[{"href":"http:\/\/seanima.org\/content\/wp-json\/wp\/v2\/media?parent=146"}],"curies":[{"name":"wp","href":"https:\/\/api.w.org\/{rel}","templated":true}]}}