{"id":197,"date":"2018-07-22T20:45:15","date_gmt":"2018-07-22T23:45:15","guid":{"rendered":"http:\/\/seanima.org\/content\/?page_id=197"},"modified":"2026-02-06T11:17:45","modified_gmt":"2026-02-06T14:17:45","slug":"organizacao","status":"publish","type":"page","link":"http:\/\/seanima.org\/content\/organizacao\/","title":{"rendered":"organiza\u00e7\u00e3o"},"content":{"rendered":"<p><strong>O Semin\u00e1rio Brasileiro de Estudos em Anima\u00e7\u00e3o<\/strong> <strong>&#8211; SeAnima &#8211; desde 2018 vendo sendo organizado e realizado por um grupo de docentes e pesquisadores<\/strong> nas \u00e1reas de anima\u00e7\u00e3o, motion design, efeitos visuais e games de diversas universidades e centros de forma\u00e7\u00e3o brasileiros. Cada edi\u00e7\u00e3o contou com grupos espec\u00edficos, descritos a seguir:<\/p>\n<p><strong>:: 2026 (maio, presencial, UFPel)<br \/>\ncomiss\u00e3o organizadora\/realizadora:<\/strong><br \/>\n<span style=\"font-weight: 400;\"><em>Carla Schneider<\/em> (UFPel)*<br \/>\n<em>Gissele Cardozo <\/em>(UFPel)*<br \/>\n<em>Guilherme Carvalho da Rosa <\/em>(UFPel)*<br \/>\n<\/span>*coordena\u00e7\u00e3o compartilhada<\/p>\n<p><strong>:: 2024 (novembro, on-line, UFF\/UFRJ)<br \/>\ncomiss\u00e3o organizadora\/realizadora:<br \/>\n<span style=\"font-weight: 400;\"><em>Gabriel Cruz (UFF, coordenador)<\/em><br \/>\n<\/span><\/strong><span style=\"font-weight: 400;\">Carla Schneider (UFPEL-RS)<br \/>\n<\/span><span style=\"font-weight: 400;\">Daniel Pinna (UFF)<br \/>\n<\/span><span style=\"font-weight: 400;\">Eliane Gordeeff (CIEBA\/FBAUL e UFRJ)<br \/>\n<\/span><span style=\"font-weight: 400;\">Giselle Gika Carvalho (UVA e UFRJ)<br \/>\n<\/span><span style=\"font-weight: 400;\">Marcelus Gaio (UFRJ)<br \/>\n<\/span><span style=\"font-weight: 400;\">Marcos Buccini (UFPE)<br \/>\n<\/span><span style=\"font-weight: 400;\">Raphael Argento (IFRJ)<br \/>\n<\/span><span style=\"font-weight: 400;\">S\u00e9rgio Nesteriuk (UAM-SP)<\/span><\/p>\n<p><strong>:: 2021 (novembro, on-line, UFPel)<br \/>\ncomiss\u00e3o organizadora\/realizadora:<\/strong><br \/>\n<em>Carla Schneider (UFPEL)*<br \/>\nJo\u00e3o Paulo Amaral Schlittler (USP)*<br \/>\n<\/em>Antonio Fialho (UFMG)<br \/>\nClaudia Bolshaw (PUC-Rio)<br \/>\nGabriel Cruz\u00a0 (UVA)<br \/>\nGiselle Gika Carvalho (UFRJ)<br \/>\nMarcos Buccini (UFPE)<br \/>\nRaphael Argento de Souza (IFRJ)<br \/>\nRoberta Almeida de Freitas (UVA)<br \/>\nStephanie Watanabe (FAAP)<br \/>\n*coordena\u00e7\u00e3o compartilhada<\/p>\n<p><strong>:: 2020 (outubro e novembro, on-line, UTFPR)<br \/>\ncomiss\u00e3o organizadora\/realizadora:<br \/>\n<\/strong><em>Carla Schneider (UFPEL)<span style=\"font-weight: 400;\">*<\/span><\/em><strong><br \/>\n<\/strong><em>Elis\u00e2ngela Lobo Schirigatti\u00a0 (UTFPR)<span style=\"font-weight: 400;\">*<\/span><br \/>\nGabriel Cruz (UVA)<span style=\"font-weight: 400;\">*<\/span><br \/>\nJo\u00e3o Paulo Amaral Schlittler (USP)<span style=\"font-weight: 400;\">*<\/span><\/em><strong><br \/>\n<\/strong>Antonio Fialho (UFMG)<br \/>\nClaudia Bolshaw (PUC-Rio)<br \/>\nMarcos Buccini (UFPE)<br \/>\nMilena Szafir (UFC)<br \/>\nRaphael Argento de Souza (IFRJ)<br \/>\nRoberta Almeida de Freitas (UVA)<br \/>\nS\u00e9rgio Nesteriuk (UAM)<br \/>\n*coordena\u00e7\u00e3o compartilhada<\/p>\n<p><strong>:: 2019 (julho, presencial, UVA-RJ)<br \/>\ncomiss\u00e3o organizadora\/realizadora:<em><span style=\"font-weight: 400;\"><br \/>\nGabriel Cruz (UVA, coordenador)<br \/>\n<\/span><\/em><span style=\"font-weight: 400;\">Carla Schneider (UFPEL)<\/span><\/strong><br \/>\nJo\u00e3o Paulo Amaral Schlittler (USP)<br \/>\nAntonio Fialho (UFMG)<br \/>\nClaudia Bolshaw (PUC-Rio)<br \/>\nMarcos Buccini (UFPE)<br \/>\nMilena Szafir (UFC)<br \/>\nRaphael Argento de Souza (IFRJ)<br \/>\nRoberta Almeida de Freitas (UVA)<\/p>\n<p><strong>:: 2018 (setembro, presencial, PUCRS)<br \/>\ncomiss\u00e3o concep\u00e7\u00e3o, organiza\u00e7\u00e3o\/realiza\u00e7\u00e3o:<br \/>\n<em><span style=\"font-weight: 400;\">Guilherme Carvalho da Rosa (UFPel)*<br \/>\nJo\u00e3o Paulo Amaral Schlittler (USP)*<br \/>\nCarla Schneider (UFPel)*<br \/>\nGabriel Cruz (UVA)*<br \/>\nS\u00e9rgio Nesteriuk (UAM)*<br \/>\n<\/span><\/em><\/strong><em>Milena Szafir (UFC)<span style=\"font-weight: 400;\">*<\/span><\/em><br \/>\n<strong><span style=\"font-weight: 400;\">* Todos estiveram (em ordem de ades\u00e3o) envolvidos com a concep\u00e7\u00e3o do evento, seguida da organiza\u00e7\u00e3o e realiza\u00e7\u00e3o.<\/span><\/strong><\/p>\n<p>&nbsp;<\/p>\n<p><a href=\"http:\/\/www.forcine.org.br\" target=\"_blank\" rel=\"noopener\"><img loading=\"lazy\" decoding=\"async\" class=\"alignnone wp-image-206 size-thumbnail\" src=\"http:\/\/seanima.org\/content\/wp-content\/uploads\/2018\/07\/forcine_pb-150x150.jpg\" alt=\"\" width=\"150\" height=\"150\" srcset=\"http:\/\/seanima.org\/content\/wp-content\/uploads\/2018\/07\/forcine_pb-150x150.jpg 150w, http:\/\/seanima.org\/content\/wp-content\/uploads\/2018\/07\/forcine_pb-100x100.jpg 100w, http:\/\/seanima.org\/content\/wp-content\/uploads\/2018\/07\/forcine_pb.jpg 300w\" sizes=\"auto, (max-width: 150px) 100vw, 150px\" \/><\/a><\/p>\n","protected":false},"excerpt":{"rendered":"<p>O Semin\u00e1rio Brasileiro de Estudos em Anima\u00e7\u00e3o &#8211; SeAnima &#8211; desde 2018 vendo sendo organizado e realizado por um grupo de docentes e pesquisadores nas \u00e1reas de anima\u00e7\u00e3o, motion design, efeitos visuais e games de diversas universidades e centros de forma\u00e7\u00e3o brasileiros. Cada edi\u00e7\u00e3o contou com grupos espec\u00edficos, descritos a seguir: :: 2026 (maio, presencial, &hellip; <\/p>\n<p class=\"link-more\"><a href=\"http:\/\/seanima.org\/content\/organizacao\/\" class=\"more-link\">Continue lendo<span class=\"screen-reader-text\"> &#8220;organiza\u00e7\u00e3o&#8221;<\/span><\/a><\/p>\n","protected":false},"author":1,"featured_media":0,"parent":0,"menu_order":0,"comment_status":"closed","ping_status":"closed","template":"","meta":{"footnotes":"","_links_to":"","_links_to_target":""},"class_list":["post-197","page","type-page","status-publish","hentry"],"_links":{"self":[{"href":"http:\/\/seanima.org\/content\/wp-json\/wp\/v2\/pages\/197","targetHints":{"allow":["GET"]}}],"collection":[{"href":"http:\/\/seanima.org\/content\/wp-json\/wp\/v2\/pages"}],"about":[{"href":"http:\/\/seanima.org\/content\/wp-json\/wp\/v2\/types\/page"}],"author":[{"embeddable":true,"href":"http:\/\/seanima.org\/content\/wp-json\/wp\/v2\/users\/1"}],"replies":[{"embeddable":true,"href":"http:\/\/seanima.org\/content\/wp-json\/wp\/v2\/comments?post=197"}],"version-history":[{"count":51,"href":"http:\/\/seanima.org\/content\/wp-json\/wp\/v2\/pages\/197\/revisions"}],"predecessor-version":[{"id":749,"href":"http:\/\/seanima.org\/content\/wp-json\/wp\/v2\/pages\/197\/revisions\/749"}],"wp:attachment":[{"href":"http:\/\/seanima.org\/content\/wp-json\/wp\/v2\/media?parent=197"}],"curies":[{"name":"wp","href":"https:\/\/api.w.org\/{rel}","templated":true}]}}