{"id":297,"date":"2019-04-23T12:18:42","date_gmt":"2019-04-23T15:18:42","guid":{"rendered":"http:\/\/seanima.org\/content\/?page_id=297"},"modified":"2019-07-17T08:46:40","modified_gmt":"2019-07-17T11:46:40","slug":"seanima-2019","status":"publish","type":"page","link":"http:\/\/seanima.org\/content\/seanima-2019\/","title":{"rendered":"programa\u00e7\u00e3o 2019"},"content":{"rendered":"<p>O II Semin\u00e1rio Brasileiro de Estudos em Anima\u00e7\u00e3o (Seanima) ser\u00e1 realizado na cidade do\u00a0<strong>Rio de Janeiro\/RJ, na Universidade Veiga de Almeida\u00a0 (UVA) Campus Tijuca<\/strong>, de\u00a0<strong>15 a 17 de julho de 2019<\/strong>.<strong>\u00a0<\/strong><\/p>\n<p><strong>UVA Campus\u00a0<a href=\"https:\/\/www.uva.br\/content\/tijuca\">Tijuca &#8211;\u00a0<\/a><\/strong>Rua Ibituruna, 108 &#8211; (21) 2574 8888<\/p>\n<p>Pr\u00f3ximo \u00e0 Esta\u00e7\u00e3o S\u00e3o Crist\u00f3v\u00e3o da Linha 2 do Metr\u00f4<\/p>\n<p><a href=\"https:\/\/goo.gl\/maps\/XsYs6ymeTqz1cAtk6\">Link no Google Maps<\/a><\/p>\n<p>Segue abaixo a <strong>programa\u00e7\u00e3o <\/strong><strong>do evento*<\/strong>:<\/p>\n<p>*programa\u00e7\u00e3o preliminar, sujeita a altera\u00e7\u00f5es<\/p>\n<p><strong>segunda-feira 15\/07 (09:00\u00a0 \u00e0s 19:30)\u00a0<\/strong><\/p>\n<p><strong><span style=\"color: #00ccff;\">Universidade Veiga de Almeida\u00a0 (UVA)\u00a0Campus Tijuca<\/span><br \/>\n<\/strong><\/p>\n<p><span style=\"font-weight: 400;\">09:00 <strong>Credenciamento<\/strong><\/span><\/p>\n<p><span style=\"font-weight: 400;\">09:30 <\/span><strong><span style=\"color: #000000;\">Cerim\u00f4nia de Abertura<\/span><\/strong><\/p>\n<p><span style=\"font-weight: 400;\">10:00 \u00e0s 11:40\u00a0\u00a0<span style=\"color: #33cccc;\"><strong>GAG#1 Tematiza\u00e7\u00f5es na Anima\u00e7\u00e3o<\/strong><\/span><\/span><\/p>\n<table style=\"height: 364px;\" width=\"579\">\n<tbody>\n<tr>\n<td width=\"243\">Elementos cr\u00edticos no desenvolvimento de uma anima\u00e7\u00e3o que usa a libras como forma de express\u00e3o<\/td>\n<td width=\"36\"><\/td>\n<td width=\"238\"><em><span style=\"font-weight: 400;\">Elisangela Lobo Schirigatti; Denise Machado Torquato da Silva; Gustavo Duarte Linares<\/span><\/em><\/td>\n<\/tr>\n<tr>\n<td width=\"243\">A anima\u00e7\u00e3o como meio de representa\u00e7\u00e3o da mem\u00f3ria em anima\u00e7\u00f5es brasileiras contempor\u00e2neas<\/td>\n<td width=\"36\"><\/td>\n<td width=\"238\"><em>Jennifer Serra<\/em><\/td>\n<\/tr>\n<tr>\n<td width=\"243\">Hist\u00f3ria do Cinema de Anima\u00e7\u00e3o em Pernambuco<\/td>\n<td width=\"36\"><\/td>\n<td width=\"238\"><em>Marcos Buccini Pio Ribeiro<\/em><\/td>\n<\/tr>\n<tr>\n<td width=\"243\">A mundializa\u00e7\u00e3o no campo da anima\u00e7\u00e3o japonesa<\/td>\n<td width=\"36\"><\/td>\n<td width=\"238\"><em>Gustavo de Melo Fran\u00e7a<\/em><\/td>\n<\/tr>\n<\/tbody>\n<\/table>\n<p><span style=\"font-weight: 400;\">11:40 \u00e0s 13:00 <strong>A<\/strong><\/span><strong>lmo\u00e7o<\/strong><\/p>\n<p><span style=\"font-weight: 400;\">13:00 \u00e0s 14:40 <\/span><span style=\"color: #33cccc;\"><strong>GAG#2\u00a0Panoramas e Processos da Anima\u00e7\u00e3o\u00a0<\/strong><\/span><\/p>\n<table style=\"height: 364px;\" width=\"579\">\n<tbody>\n<tr>\n<td width=\"243\">Desenvolvimento de realidade aumentada com anima\u00e7\u00e3o embutidas em livros digitais: considera\u00e7\u00f5es sobre o processo produtivo<\/td>\n<td width=\"36\"><\/td>\n<td width=\"238\"><em><span style=\"font-weight: 400;\">Elisangela Lobo Schirigatti; Mikhael Luitgy de Araujo Gussoes<\/span><\/em><\/td>\n<\/tr>\n<tr>\n<td width=\"243\">O ensino do design de personagens atrav\u00e9s de um processo colaborativo utilizando a tecnologia.<\/td>\n<td width=\"36\"><\/td>\n<td width=\"238\"><em>Ismael Lito<\/em><\/td>\n<\/tr>\n<tr>\n<td width=\"243\">O stop motion enquanto linguagem para o ensino e divulga\u00e7\u00e3o dos objetivos do desenvolvimento sustent\u00e1vel<\/td>\n<td width=\"36\"><\/td>\n<td width=\"238\"><em>Lucina Reitenbach Viana, Marcia Maria Alves<\/em><\/td>\n<\/tr>\n<tr>\n<td width=\"243\">Pixillation: registro de seres e objetos enfeiti\u00e7ados<\/td>\n<td width=\"36\"><\/td>\n<td width=\"238\"><em><span style=\"font-weight: 400;\">Marina Teixeira Kerber<\/span><\/em><\/td>\n<\/tr>\n<\/tbody>\n<\/table>\n<p><span style=\"font-weight: 400;\"><br \/>\n15:00 \u00e0s 16:40\u00a0<\/span><b><span style=\"color: #33cccc;\"><strong>GAG#3 Est\u00e9ticas Animadas<\/strong><\/span><\/b><\/p>\n<table style=\"height: 364px;\" width=\"579\">\n<tbody>\n<tr>\n<td width=\"243\"><\/td>\n<td width=\"36\"><\/td>\n<td width=\"238\"><\/td>\n<\/tr>\n<tr>\n<td width=\"243\">A cinematogr\u00e1fica de God of War: O plano sequ\u00eancia como condutor da narrativa<\/td>\n<td width=\"36\"><\/td>\n<td width=\"238\"><span style=\"font-weight: 400;\">\u00a0<em>Diogo Augusto Gon\u00e7alves<\/em><\/span><\/td>\n<\/tr>\n<tr>\n<td width=\"243\">As desventuras que consagram a anima\u00e7\u00e3o seriada brasileira: o caso do pinguim \u2018Oswaldo\u2019<\/td>\n<td width=\"36\"><\/td>\n<td width=\"238\"><em><span style=\"font-weight: 400;\">Natacha Stefanini Canesso<\/span><\/em><\/td>\n<\/tr>\n<tr>\n<td width=\"243\">A imagem da espada como personagem: Uma an\u00e1lise do anim\u00ea Katanagatari sobre a perspectiva do imagin\u00e1rio de Gilbert Durand<\/td>\n<td width=\"36\"><\/td>\n<td width=\"238\"><em><span style=\"font-weight: 400;\">Rafael Augusto Montassier\u00a0<\/span><\/em><\/td>\n<\/tr>\n<\/tbody>\n<\/table>\n<p>&nbsp;<\/p>\n<p><span style=\"font-weight: 400;\">17:00 \u00e0s 18:00\u00a0\u00a0<\/span><b><span style=\"color: #33cccc;\"><strong>Mesa de Abertura<\/strong><\/span><\/b><\/p>\n<p><strong>Anima\u00e7\u00e3o: hist\u00f3ria e ensino<\/strong><\/p>\n<p>Convidados: Ant\u00f4nio Moreno (homenageado), Jos\u00e9 Parrot, Qui\u00e1 Rodrigues<\/p>\n<p>Media\u00e7\u00e3o: Claudia Bolshaw e Gabriel Cruz<\/p>\n<p>&nbsp;<\/p>\n<p><span style=\"font-weight: 400;\">18:00 \u00e0s 19:30\u00a0<b><span style=\"color: #33cccc;\"><strong>Mostra de Filmes<\/strong><\/span><\/b><\/span><\/p>\n<p>Mostra de curtas-metragens de anima\u00e7\u00e3o de escolas brasileiras<\/p>\n<p>&nbsp;<\/p>\n<p><strong>ter\u00e7a-feira 16\/07 (09:00 \u00e0s 17:00)<\/strong><\/p>\n<p><strong><span style=\"color: #00ccff;\">Universidade Veiga de Almeida\u00a0 (UVA)\u00a0Campus Tijuca<\/span><\/strong><\/p>\n<p><span style=\"font-weight: 400;\">09:00 \u00e0s 10:40\u00a0<\/span><strong><span style=\"color: #33cccc;\">GAG#4 Anima\u00e7\u00e3o\u00a0\u00a0e Ensino<\/span><\/strong><\/p>\n<table style=\"height: 364px;\" width=\"579\">\n<tbody>\n<tr>\n<td width=\"243\"><span style=\"font-weight: 400;\">A Anima\u00e7\u00e3o Stop Motion como atividade interdisciplinar em cursos de Design<\/span><\/td>\n<td width=\"36\"><\/td>\n<td width=\"238\"><em><span style=\"font-weight: 400;\">Gabriel Filipe Santiago Cruz, Katia Maria de Souza, Danielle Spada<\/span><\/em><\/td>\n<\/tr>\n<tr>\n<td width=\"243\"><span style=\"font-weight: 400;\">Princ\u00edpios da Anima\u00e7\u00e3o a partir da Aprendizagem Significativa<\/span><\/td>\n<td width=\"36\"><\/td>\n<td width=\"238\"><em><span style=\"font-weight: 400;\">Gabriel Filipe Santiago Cruz<\/span><\/em><\/td>\n<\/tr>\n<tr>\n<td width=\"243\"><span style=\"font-weight: 400;\">Os labirintos na forma\u00e7\u00e3o do animador: uma vis\u00e3o panor\u00e2mica sobre o Estado do Rio de Janeiro.<\/span><\/td>\n<td width=\"36\"><\/td>\n<td width=\"238\"><em><span style=\"font-weight: 400;\">Giselle de Carvalho Nascimento Monteiro de Castro<\/span><\/em><\/td>\n<\/tr>\n<tr>\n<td width=\"243\"><span style=\"font-weight: 400;\">Dissemina\u00e7\u00e3o de conte\u00fado animado nas escolas municipais de Belford Roxo: Relato de experi\u00eancia.<\/span><\/td>\n<td width=\"36\"><\/td>\n<td width=\"238\"><em><span style=\"font-weight: 400;\">Raphael Argento de Souza<\/span><\/em><\/td>\n<\/tr>\n<\/tbody>\n<\/table>\n<p><span style=\"font-weight: 400;\">11:00 \u00e0s 12:00\u00a0<\/span><span style=\"color: #33cccc;\"><strong>GAG#5 <b>Trabalhos no formato Poster\u00a0\u00a0<\/b><\/strong><\/span><span style=\"color: #33cccc;\">(10 minutos de apresenta\u00e7\u00e3o cada)<\/span><\/p>\n<table style=\"height: 364px;\" width=\"579\">\n<tbody>\n<tr>\n<td width=\"243\"><span style=\"font-weight: 400;\">A representatividade da etnia negra em filmes de anima\u00e7\u00e3o entre 2010 e 2019<\/span><\/td>\n<td width=\"36\"><\/td>\n<td width=\"238\"><em><span style=\"font-weight: 400;\">Diego Correa Barbosa de Oliveira<\/span><\/em><\/td>\n<\/tr>\n<tr>\n<td width=\"243\"><span style=\"font-weight: 400;\">Mulheres na anima\u00e7\u00e3o brasileira: a presen\u00e7a de profissionais no processo criativo<\/span><\/td>\n<td width=\"36\"><\/td>\n<td width=\"238\"><em><span style=\"font-weight: 400;\">Josiane Aparecida dos Reis Pereira<\/span><\/em><\/td>\n<\/tr>\n<tr>\n<td width=\"243\"><span style=\"font-weight: 400;\">O desenho animado rotosc\u00f3pico e o Vale da Estranheza: problemas e solu\u00e7\u00f5es<\/span><\/td>\n<td width=\"36\"><\/td>\n<td width=\"238\"><em><span style=\"font-weight: 400;\">Mariana Lopes Fogo<\/span><\/em><\/td>\n<\/tr>\n<tr>\n<td width=\"243\"><span style=\"font-weight: 400;\">Ensino de Anima\u00e7\u00e3o na Pr\u00e1tica<\/span><\/td>\n<td width=\"36\"><\/td>\n<td width=\"238\"><em><span style=\"font-weight: 400;\">Rodrigo Veras Burigo<\/span><\/em><\/td>\n<\/tr>\n<\/tbody>\n<\/table>\n<p><span style=\"font-weight: 400;\">12:00 \u00e0s 13:00 <\/span><span style=\"font-weight: 400;\"><span style=\"color: #33cccc;\"><b>Almo\u00e7o<\/b><\/span><\/span><\/p>\n<p><span style=\"font-weight: 400;\">13:00 \u00e0s 14:40\u00a0<\/span><span style=\"color: #33cccc;\"><strong>GAG#6 Anima\u00e7\u00e3o,\u00a0<b>Sociedade e Mercado<\/b><\/strong><\/span><\/p>\n<table width=\"524\">\n<tbody>\n<tr>\n<td width=\"243\"><\/td>\n<td width=\"36\"><\/td>\n<td width=\"238\"><\/td>\n<\/tr>\n<tr>\n<td width=\"243\">\n<table width=\"524\">\n<tbody>\n<tr>\n<td width=\"243\"><span style=\"font-weight: 400;\">Irm\u00e3o do Jorel: a ignor\u00e2ncia sobre a Ditadura Militar nas m\u00eddias<\/span><\/td>\n<\/tr>\n<\/tbody>\n<\/table>\n<\/td>\n<td width=\"36\"><\/td>\n<td width=\"238\"><em><span style=\"font-weight: 400;\">Stephanie Watanabe<\/span><\/em><\/td>\n<\/tr>\n<tr>\n<td width=\"243\">Mulheres no Mercado Brasileiro de Produtos Audiovisuais em Anima\u00e7\u00e3o<\/td>\n<td width=\"36\"><\/td>\n<td width=\"238\"><em><span style=\"font-weight: 400;\">Carla Schneider e Ramona Kr\u00fcger<\/span><\/em><\/td>\n<\/tr>\n<tr>\n<td width=\"243\">O branded content na televis\u00e3o brasileira: um estudo sobre a s\u00e9rie Dino Aventura<\/td>\n<td width=\"36\"><\/td>\n<td width=\"238\"><em>Marcus Vin\u00edcius Guio de Camargo<\/em><\/td>\n<\/tr>\n<tr>\n<td width=\"243\"><span style=\"font-weight: 400;\">Entre a refer\u00eancia e o pl\u00e1gio: design de personagens e direito autoral em anima\u00e7\u00e3o<\/span><\/td>\n<td width=\"36\"><\/td>\n<td width=\"238\"><em><span style=\"font-weight: 400;\">Lucina Reitenbach Viana; Gabriel Roberto Alves<\/span><\/em><\/td>\n<\/tr>\n<\/tbody>\n<\/table>\n<p>&nbsp;<\/p>\n<p><span style=\"font-weight: 400;\">14:40 \u00e0s 15:40\u00a0<\/span><span style=\"font-weight: 400;\"><span style=\"color: #33cccc;\"><strong>Lan\u00e7amento de Livros<\/strong><\/span><\/span><\/p>\n<p>Estamos aceitando propostas de autora(e)s interessada(o)s em lan\u00e7ar livros no Seanima. Caso tenha interesse, favor entrar em contato\u00a0por meio do e-mail:\u00a0<a href=\"contato.seanima@gmail.com\">contato.seanima@gmail.com<\/a><\/p>\n<p><span style=\"font-weight: 400;\">15h40 \u00e0s 17h00\u00a0<span style=\"color: #33cccc;\"><strong>Mesa de Encerramento<\/strong><\/span><\/span><\/p>\n<p><strong>Desafios contempor\u00e2neos da anima\u00e7\u00e3o: arte e pol\u00edtica<\/strong><\/p>\n<p>Carla Schneider<\/p>\n<p>Claudia Bolshaw<\/p>\n<p>Gika Carvalho<\/p>\n<p>Jennifer Serra<\/p>\n<p>Josy Reis<\/p>\n<p>Ros\u00e1ria Moreira<\/p>\n<p><strong>quarta-feira 17\/09 (10:00 \u00e0s 12:00)<br \/>\n<\/strong><strong><span style=\"color: #00ccff;\">Universidade Veiga de Almeida\u00a0 (UVA)\u00a0Campus Tijuca<\/span><\/strong><\/p>\n<p>Reuni\u00e3o aberta da comiss\u00e3o organizadora do Seanima.<\/p>\n<p>F\u00f3rum de encontro da rede de pesquisadores de anima\u00e7\u00e3o, games e motion graphics..<\/p>\n<p>&nbsp;<\/p>\n","protected":false},"excerpt":{"rendered":"<p>O II Semin\u00e1rio Brasileiro de Estudos em Anima\u00e7\u00e3o (Seanima) ser\u00e1 realizado na cidade do\u00a0Rio de Janeiro\/RJ, na Universidade Veiga de Almeida\u00a0 (UVA) Campus Tijuca, de\u00a015 a 17 de julho de 2019.\u00a0 UVA Campus\u00a0Tijuca &#8211;\u00a0Rua Ibituruna, 108 &#8211; (21) 2574 8888 Pr\u00f3ximo \u00e0 Esta\u00e7\u00e3o S\u00e3o Crist\u00f3v\u00e3o da Linha 2 do Metr\u00f4 Link no Google Maps Segue &hellip; <\/p>\n<p class=\"link-more\"><a href=\"http:\/\/seanima.org\/content\/seanima-2019\/\" class=\"more-link\">Continue lendo<span class=\"screen-reader-text\"> &#8220;programa\u00e7\u00e3o 2019&#8221;<\/span><\/a><\/p>\n","protected":false},"author":1,"featured_media":0,"parent":0,"menu_order":0,"comment_status":"closed","ping_status":"closed","template":"","meta":{"footnotes":"","_links_to":"","_links_to_target":""},"class_list":["post-297","page","type-page","status-publish","hentry"],"_links":{"self":[{"href":"http:\/\/seanima.org\/content\/wp-json\/wp\/v2\/pages\/297","targetHints":{"allow":["GET"]}}],"collection":[{"href":"http:\/\/seanima.org\/content\/wp-json\/wp\/v2\/pages"}],"about":[{"href":"http:\/\/seanima.org\/content\/wp-json\/wp\/v2\/types\/page"}],"author":[{"embeddable":true,"href":"http:\/\/seanima.org\/content\/wp-json\/wp\/v2\/users\/1"}],"replies":[{"embeddable":true,"href":"http:\/\/seanima.org\/content\/wp-json\/wp\/v2\/comments?post=297"}],"version-history":[{"count":25,"href":"http:\/\/seanima.org\/content\/wp-json\/wp\/v2\/pages\/297\/revisions"}],"predecessor-version":[{"id":421,"href":"http:\/\/seanima.org\/content\/wp-json\/wp\/v2\/pages\/297\/revisions\/421"}],"wp:attachment":[{"href":"http:\/\/seanima.org\/content\/wp-json\/wp\/v2\/media?parent=297"}],"curies":[{"name":"wp","href":"https:\/\/api.w.org\/{rel}","templated":true}]}}