{"id":310,"date":"2019-04-23T12:49:32","date_gmt":"2019-04-23T15:49:32","guid":{"rendered":"http:\/\/seanima.org\/content\/?page_id=310"},"modified":"2019-07-04T17:15:18","modified_gmt":"2019-07-04T20:15:18","slug":"chamada-2019","status":"publish","type":"page","link":"http:\/\/seanima.org\/content\/chamada-2019\/","title":{"rendered":"chamada 2019"},"content":{"rendered":"<p dir=\"ltr\">Est\u00e1 encerrada a <strong><span class=\"il\">chamada<\/span> de trabalhos para a segunda edi\u00e7\u00e3o do Semin\u00e1rio Brasileiro de Estudos em Anima\u00e7\u00e3o (Seanima)<\/strong>, evento que re\u00fane pesquisadores das \u00e1reas de cinema, audiovisual e design do Brasil e suas correla\u00e7\u00f5es nos campos de games, motion graphics e efeitos visuais.<\/p>\n<p dir=\"ltr\">O Evento ser\u00e1 realizado na cidade do <strong>Rio de Janeiro\/RJ, na Universidade Veiga de Almeida\u00a0 (UVA) Campus Tijuca<\/strong>, de <strong>15 a 17 de julho de 2019<\/strong>.<\/p>\n<p dir=\"ltr\"><strong>Chamada realizada para a segunda edi\u00e7\u00e3o do Seanima:<\/strong><\/p>\n<p dir=\"ltr\">Havendo interesse na apresenta\u00e7\u00e3o de trabalhos deve-se enviar um resumo expandido (entre 2000 e 4000 caracteres com espa\u00e7o) com refer\u00eancias bibliogr\u00e1ficas (at\u00e9 1000 caracteres) e mini-bio (at\u00e9 500 caracteres). O prazo final para envio dos resumos <em><strong>foi prorrogado para o dia<\/strong> <strong>02 de junho<\/strong><\/em>, com submiss\u00e3o via formul\u00e1rio online dispon\u00edvel em <a href=\"http:\/\/seanima.org\/content\/submissao\" target=\"_blank\" rel=\"noopener\" data-saferedirecturl=\"https:\/\/www.google.com\/url?q=http:\/\/seanima.org\/content\/submissao&amp;source=gmail&amp;ust=1556291414427000&amp;usg=AFQjCNFwcB6S5Wk0gi6lDxDNdDlAsdcCRA\"><span class=\"il\">seanima<\/span>.org\/content\/submissao<\/a>.<\/p>\n<p dir=\"ltr\">Poder\u00e3o se inscrever realizadoras\/realizadores da \u00e1rea e pesquisadoras\/pesquisadores na <strong>condi\u00e7\u00e3o m\u00ednima de mestrandas\/mestrandos e\/ou docentes de escolas de cinema e audiovisual brasileiras<\/strong>, de n\u00edvel t\u00e9cnico ou superior, que desenvolvam pesquisa em anima\u00e7\u00e3o e campos correlatos. Pessoas que estejam na <strong>gradua\u00e7\u00e3o ou rec\u00e9m-formadas poder\u00e3o participar na modalidade de p\u00f4ster<\/strong> com apresenta\u00e7\u00e3o presencial e publica\u00e7\u00e3o online.<\/p>\n<p dir=\"ltr\">O evento ser\u00e1 <strong>gratuito para ouvintes<\/strong> sendo condicionado \u00e0 lota\u00e7\u00e3o das salas. Aquelas\/aqueles que tiverem seus resumos aprovados dever\u00e3o realizar sua inscri\u00e7\u00e3o online <strong>e posteriormente realizar o pagamento da taxa de inscri\u00e7\u00e3o<\/strong> <strong>(R$ 40,00 profissionais\/docentes e R$20,00 estudantes)<\/strong>. <strong>Os procedimentos de pagamento ser\u00e3o informados aos inscritos posteriormente.<\/strong> O Seanima fornecer\u00e1 certificados para todas\/todos participantes, em formato digital.<\/p>\n<p dir=\"ltr\">Para que os resumos aprovados sejam publicados nos anais do Seanima\u00a0\u00e9 preciso que as\/os pesquisadoras\/pesquisadores <strong>apresentem presencialmente seu trabalho<\/strong> nas sess\u00f5es do evento.<\/p>\n<p dir=\"ltr\"><strong>Comiss\u00e3o Organizadora<\/strong><\/p>\n<p dir=\"ltr\">Carla Schneider (UFPEL-RS), Claudia Bolshaw (PUC-Rio), Gabriel Filipe Santiago Cruz (UVA-RJ), Guilherme Carvalho da Rosa (UFPEL-RS), Rebeca Recuero (UFPEL-RS), Jennifer Serra (CAV-SP), Jo\u00e3o Paulo Amaral Schlittler (USP), Milena Szafir (UFCE), Sergio Nesteriuk (UAM-SP)<\/p>\n","protected":false},"excerpt":{"rendered":"<p>Est\u00e1 encerrada a chamada de trabalhos para a segunda edi\u00e7\u00e3o do Semin\u00e1rio Brasileiro de Estudos em Anima\u00e7\u00e3o (Seanima), evento que re\u00fane pesquisadores das \u00e1reas de cinema, audiovisual e design do Brasil e suas correla\u00e7\u00f5es nos campos de games, motion graphics e efeitos visuais. O Evento ser\u00e1 realizado na cidade do Rio de Janeiro\/RJ, na Universidade &hellip; <\/p>\n<p class=\"link-more\"><a href=\"http:\/\/seanima.org\/content\/chamada-2019\/\" class=\"more-link\">Continue lendo<span class=\"screen-reader-text\"> &#8220;chamada 2019&#8221;<\/span><\/a><\/p>\n","protected":false},"author":1,"featured_media":0,"parent":0,"menu_order":0,"comment_status":"closed","ping_status":"closed","template":"","meta":{"footnotes":"","_links_to":"","_links_to_target":""},"class_list":["post-310","page","type-page","status-publish","hentry"],"_links":{"self":[{"href":"http:\/\/seanima.org\/content\/wp-json\/wp\/v2\/pages\/310","targetHints":{"allow":["GET"]}}],"collection":[{"href":"http:\/\/seanima.org\/content\/wp-json\/wp\/v2\/pages"}],"about":[{"href":"http:\/\/seanima.org\/content\/wp-json\/wp\/v2\/types\/page"}],"author":[{"embeddable":true,"href":"http:\/\/seanima.org\/content\/wp-json\/wp\/v2\/users\/1"}],"replies":[{"embeddable":true,"href":"http:\/\/seanima.org\/content\/wp-json\/wp\/v2\/comments?post=310"}],"version-history":[{"count":10,"href":"http:\/\/seanima.org\/content\/wp-json\/wp\/v2\/pages\/310\/revisions"}],"predecessor-version":[{"id":380,"href":"http:\/\/seanima.org\/content\/wp-json\/wp\/v2\/pages\/310\/revisions\/380"}],"wp:attachment":[{"href":"http:\/\/seanima.org\/content\/wp-json\/wp\/v2\/media?parent=310"}],"curies":[{"name":"wp","href":"https:\/\/api.w.org\/{rel}","templated":true}]}}