{"id":315,"date":"2019-04-23T12:51:13","date_gmt":"2019-04-23T15:51:13","guid":{"rendered":"http:\/\/seanima.org\/content\/?page_id=315"},"modified":"2019-04-23T12:57:50","modified_gmt":"2019-04-23T15:57:50","slug":"chamada-2018","status":"publish","type":"page","link":"http:\/\/seanima.org\/content\/chamada-2018\/","title":{"rendered":"chamada 2018"},"content":{"rendered":"<p><b><span style=\"color: #3366ff;\">Chamada realizada em 2018\u00a0<\/span> de Trabalhos para o Semin\u00e1rio Brasileiro de Estudos em Anima\u00e7\u00e3o\u00a0<\/b><b style=\"font-size: 1rem;\">[<\/b><strong style=\"font-size: 1rem;\">\u00e1reas de cinema, audiovisual e design do Brasil e suas correla\u00e7\u00f5es nos campos de games, <i>motion graphics<\/i> e efeitos visuais]<\/strong><\/p>\n<p><span style=\"font-weight: 400;\">Pesquisadores interessados em apresentar seus trabalhos dever\u00e3o enviar um resumo expandido m\u00e1ximo 500 palavras. O prazo para envio dos resumos, refer\u00eancias e mini-bio vai at\u00e9 o dia <del>13 de agosto<\/del> <span style=\"color: #0000ff;\">20 de agosto (prorrogado)<\/span>, submetido via formul\u00e1rio online dispon\u00edvel em seanima.org\/content\/submissao.<\/span><\/p>\n<p><span style=\"font-weight: 400;\">S\u00f3 poder\u00e3o apresentar seus trabalhos pesquisadores que tenham tido seus resumos aprovados previamente. Da mesma forma, para que os resumos aprovados sejam posteriormente publicados nos anais do evento, \u00e9 preciso que os pesquisadores compare\u00e7am ao evento e apresentem presencialmente seu trabalho nas sess\u00f5es de apresenta\u00e7\u00e3o do Semin\u00e1rio Brasileiro de Estudos em Anima\u00e7\u00e3o.<\/span><\/p>\n<p><span style=\"font-weight: 400;\">Poder\u00e3o se inscrever realizadores da \u00e1rea e pesquisadores na condi\u00e7\u00e3o m\u00ednima de mestrandos e\/ou docentes de escolas de cinema e audiovisual brasileiras, de n\u00edvel t\u00e9cnico ou superior, que desenvolvam pesquisa em anima\u00e7\u00e3o e campos correlatos. Alunos de gradua\u00e7\u00e3o e rec\u00e9m-formados s\u00e3o bem vindos a participar na modalidade de publica\u00e7\u00e3o online (sem apresenta\u00e7\u00e3o presencial).<\/span><\/p>\n<p><span style=\"font-weight: 400;\">O evento ser\u00e1 gratuito e ser\u00e1 permitida a participa\u00e7\u00e3o como ouvinte aos p\u00fablicos at\u00e9 a lota\u00e7\u00e3o das salas. Ser\u00e1 fornecido certificado para todos os participantes. O semin\u00e1rio, que antecede o XIV Congresso do Forcine, contar\u00e1 ainda com a exibi\u00e7\u00e3o de uma mostra de anima\u00e7\u00f5es realizadas por estudantes brasileiros e um encontro destinado \u00e0 cria\u00e7\u00e3o de uma associa\u00e7\u00e3o de pesquisadores em anima\u00e7\u00e3o.<\/span><\/p>\n","protected":false},"excerpt":{"rendered":"<p>Chamada realizada em 2018\u00a0 de Trabalhos para o Semin\u00e1rio Brasileiro de Estudos em Anima\u00e7\u00e3o\u00a0[\u00e1reas de cinema, audiovisual e design do Brasil e suas correla\u00e7\u00f5es nos campos de games, motion graphics e efeitos visuais] Pesquisadores interessados em apresentar seus trabalhos dever\u00e3o enviar um resumo expandido m\u00e1ximo 500 palavras. O prazo para envio dos resumos, refer\u00eancias e &hellip; <\/p>\n<p class=\"link-more\"><a href=\"http:\/\/seanima.org\/content\/chamada-2018\/\" class=\"more-link\">Continue lendo<span class=\"screen-reader-text\"> &#8220;chamada 2018&#8221;<\/span><\/a><\/p>\n","protected":false},"author":1,"featured_media":0,"parent":0,"menu_order":0,"comment_status":"closed","ping_status":"closed","template":"","meta":{"footnotes":"","_links_to":"","_links_to_target":""},"class_list":["post-315","page","type-page","status-publish","hentry"],"_links":{"self":[{"href":"http:\/\/seanima.org\/content\/wp-json\/wp\/v2\/pages\/315","targetHints":{"allow":["GET"]}}],"collection":[{"href":"http:\/\/seanima.org\/content\/wp-json\/wp\/v2\/pages"}],"about":[{"href":"http:\/\/seanima.org\/content\/wp-json\/wp\/v2\/types\/page"}],"author":[{"embeddable":true,"href":"http:\/\/seanima.org\/content\/wp-json\/wp\/v2\/users\/1"}],"replies":[{"embeddable":true,"href":"http:\/\/seanima.org\/content\/wp-json\/wp\/v2\/comments?post=315"}],"version-history":[{"count":3,"href":"http:\/\/seanima.org\/content\/wp-json\/wp\/v2\/pages\/315\/revisions"}],"predecessor-version":[{"id":322,"href":"http:\/\/seanima.org\/content\/wp-json\/wp\/v2\/pages\/315\/revisions\/322"}],"wp:attachment":[{"href":"http:\/\/seanima.org\/content\/wp-json\/wp\/v2\/media?parent=315"}],"curies":[{"name":"wp","href":"https:\/\/api.w.org\/{rel}","templated":true}]}}