{"id":443,"date":"2020-08-21T16:45:56","date_gmt":"2020-08-21T19:45:56","guid":{"rendered":"http:\/\/seanima.org\/content\/?page_id=443"},"modified":"2020-10-24T05:13:36","modified_gmt":"2020-10-24T08:13:36","slug":"chamada-2020","status":"publish","type":"page","link":"http:\/\/seanima.org\/content\/chamada-2020\/","title":{"rendered":"chamada 2020"},"content":{"rendered":"<p dir=\"ltr\"><span style=\"font-weight: 400;\">Est\u00e1 aberta a <\/span><b>chamada de trabalhos para a terceira edi\u00e7\u00e3o do Semin\u00e1rio Brasileiro de Estudos em Anima\u00e7\u00e3o (SEANIMA)<\/b><span style=\"font-weight: 400;\">, evento que re\u00fane pesquisadores das \u00e1reas de cinema, audiovisual e design do Brasil e suas correla\u00e7\u00f5es nos campos de games, motion graphics e efeitos visuais.<\/span><\/p>\n<p><span style=\"font-weight: 400;\">O evento ser\u00e1 realizado online, de <\/span><b>03 a 05 de novembro de 2020<\/b><span style=\"font-weight: 400;\">.<\/span><\/p>\n<p><span style=\"font-weight: 400;\">Havendo interesse na apresenta\u00e7\u00e3o de trabalhos deve-se enviar:<\/span><span style=\"font-weight: 400;\"><br \/>\n<\/span><span style=\"font-weight: 400;\">a) um resumo expandido (entre 2000 e 4000 caracteres com espa\u00e7o);<\/span><span style=\"font-weight: 400;\"><br \/>\n<\/span><span style=\"font-weight: 400;\">b) refer\u00eancias bibliogr\u00e1ficas (at\u00e9 1000 caracteres com espa\u00e7o);<\/span><span style=\"font-weight: 400;\"><br \/>\n<\/span><span style=\"font-weight: 400;\">c) mini-bio (at\u00e9 500 caracteres). <\/span><\/p>\n<p><span style=\"font-weight: 400;\">Poder\u00e3o se inscrever realizadora(e)s, pesquisadora(e)s e docentes da \u00e1rea, que desenvolvam pesquisa em anima\u00e7\u00e3o e campos correlatos.O prazo final para envio dos resumos <b>foi estendido at\u00e9 o dia<\/b> <b>20 de outubro<\/b>, com submiss\u00e3o atrav\u00e9s deste <a href=\"https:\/\/forms.gle\/aK4JgZL9pvmkAev29\" target=\"_blank\" rel=\"noopener\"><strong>formul\u00e1rio online <\/strong><\/a>.<\/span><\/p>\n<p><span style=\"font-weight: 400;\">Outra forma de participa\u00e7\u00e3o \u00e9 a inscri\u00e7\u00e3o de v\u00eddeo. S\u00e3o tr\u00eas categorias: Ensaio audiovisual, Anima-P\u00f4ster e Processo-em-registro. Alunos de gradua\u00e7\u00e3o e rec\u00e9m graduados podem se inscrever nas categorias Anima-P\u00f4ster e Processo-em-registro. O prazo final para envio dos v\u00eddeos <\/span><b>vai at\u00e9 dia<\/b> <b>26 de outubro. <\/b><span style=\"font-weight: 400;\">Para mais detalhes veja a nossa<\/span> <a href=\"http:\/\/seanima.org\/content\/inscricao-em-video\/\"><b>inscri\u00e7\u00e3o em v\u00eddeo<\/b><b>.<\/b><\/a><\/p>\n<p><span style=\"font-weight: 400;\">Aquela(e)s que tiverem seus resumos aprovados dever\u00e3o realizar sua inscri\u00e7\u00e3o online, por link enviado por email ao selecionados. O SEANIMA fornecer\u00e1 certificados em formato digital para toda(o)s a(o)s participantes.<\/span><\/p>\n<p><span style=\"font-weight: 400;\">Para que os resumos aprovados sejam publicados nos anais do SEANIMA \u00e9 necess\u00e1ria apresenta\u00e7\u00e3o do trabalho no evento.<\/span><\/p>\n<p>&nbsp;<\/p>\n<p><b>Comiss\u00e3o Organizadora<\/b><\/p>\n<p><span style=\"font-weight: 400;\">Ant\u00f4nio Fialho (UFMG), Carla Schneider (UFPEL-RS), Claudia Bolshaw (PUC-Rio), Elis\u00e2ngela Lobo Schirigatti (UTFPR), Eliseu Lopes Filho (FAAP-SP), Gabriel Cruz (UFF e UVA-RJ), Jennifer Serra (CAV-SP), Jo\u00e3o Paulo Schlittler (USP), Marcos Buccini (UFPE), Milena Szafir (UFCE), Raphael Argento (IFRJ), Roberta de Freitas (UVA-RJ), Sergio Nesteriuk (UAM-SP).<\/span><\/p>\n","protected":false},"excerpt":{"rendered":"<p>Est\u00e1 aberta a chamada de trabalhos para a terceira edi\u00e7\u00e3o do Semin\u00e1rio Brasileiro de Estudos em Anima\u00e7\u00e3o (SEANIMA), evento que re\u00fane pesquisadores das \u00e1reas de cinema, audiovisual e design do Brasil e suas correla\u00e7\u00f5es nos campos de games, motion graphics e efeitos visuais. O evento ser\u00e1 realizado online, de 03 a 05 de novembro de &hellip; <\/p>\n<p class=\"link-more\"><a href=\"http:\/\/seanima.org\/content\/chamada-2020\/\" class=\"more-link\">Continue lendo<span class=\"screen-reader-text\"> &#8220;chamada 2020&#8221;<\/span><\/a><\/p>\n","protected":false},"author":4,"featured_media":0,"parent":0,"menu_order":0,"comment_status":"closed","ping_status":"closed","template":"","meta":{"footnotes":"","_links_to":"","_links_to_target":""},"class_list":["post-443","page","type-page","status-publish","hentry"],"_links":{"self":[{"href":"http:\/\/seanima.org\/content\/wp-json\/wp\/v2\/pages\/443","targetHints":{"allow":["GET"]}}],"collection":[{"href":"http:\/\/seanima.org\/content\/wp-json\/wp\/v2\/pages"}],"about":[{"href":"http:\/\/seanima.org\/content\/wp-json\/wp\/v2\/types\/page"}],"author":[{"embeddable":true,"href":"http:\/\/seanima.org\/content\/wp-json\/wp\/v2\/users\/4"}],"replies":[{"embeddable":true,"href":"http:\/\/seanima.org\/content\/wp-json\/wp\/v2\/comments?post=443"}],"version-history":[{"count":10,"href":"http:\/\/seanima.org\/content\/wp-json\/wp\/v2\/pages\/443\/revisions"}],"predecessor-version":[{"id":510,"href":"http:\/\/seanima.org\/content\/wp-json\/wp\/v2\/pages\/443\/revisions\/510"}],"wp:attachment":[{"href":"http:\/\/seanima.org\/content\/wp-json\/wp\/v2\/media?parent=443"}],"curies":[{"name":"wp","href":"https:\/\/api.w.org\/{rel}","templated":true}]}}