{"id":447,"date":"2020-08-21T16:47:33","date_gmt":"2020-08-21T19:47:33","guid":{"rendered":"http:\/\/seanima.org\/content\/?page_id=447"},"modified":"2020-11-25T11:14:17","modified_gmt":"2020-11-25T13:14:17","slug":"seanima-2020","status":"publish","type":"page","link":"http:\/\/seanima.org\/content\/seanima-2020\/","title":{"rendered":"seanima 2020"},"content":{"rendered":"<h4><strong>SEANIMA APRESENTA<br \/>\n24 a 26 de novembro<\/strong><\/h4>\n<p>Consulte a programa\u00e7\u00e3o completa <a href=\"http:\/\/seanima.org\/content\/seanima-apresenta\/\">neste link .<\/a><\/p>\n<p><strong>VIDEOS 2020<\/strong><\/p>\n<p>Veja os selecionados na edi\u00e7\u00e3o 2020 <a href=\"http:\/\/seanima.org\/content\/videos-2020\/\">neste link.<\/a><\/p>\n<h4><strong>SEANIMA CONVIDA<\/strong><br \/>\n<strong>03 a 05 de novembro<\/strong><\/h4>\n<p><strong>ter\u00e7a-feira\u00a0 03\/11 (18:00)<br \/>\n<span style=\"color: #808000;\">Mulheres Maravilhosas da Anima\u00e7\u00e3o Brasileira<\/span><\/strong><br \/>\n<a href=\"https:\/\/youtu.be\/FXEmcJvxERo\">https:\/\/youtu.be\/FXEmcJvxERo<\/a><\/p>\n<p><strong>quarta-feira\u00a0 04\/11 (16:00)<br \/>\n<span style=\"color: #808000;\">Aula de Mestre com Rui de Oliveira<\/span><\/strong><br \/>\n<a href=\"https:\/\/youtu.be\/2WxdTnCnhfg\">https:\/\/youtu.be\/2WxdTnCnhfg<\/a><\/p>\n<p><strong>quarta-feira\u00a0 04\/11 (18:00)<br \/>\n<span style=\"color: #808000;\">Legado: 35 anos de Anima\u00e7\u00e3o na UFMG<\/span><\/strong><br \/>\n<a href=\"https:\/\/youtu.be\/t7DNdP6SFEI\">https:\/\/youtu.be\/t7DNdP6SFEI<\/a><\/p>\n<p><strong>quinta-feira\u00a0 05\/11 (18:00)<br \/>\n<span style=\"color: #808000;\">Homenagem em Mem\u00f3ria a Marcello Tassara<\/span><\/strong><br \/>\n<a href=\"https:\/\/youtu.be\/x2TBwq4L78o\">https:\/\/youtu.be\/x2TBwq4L78o<\/a><\/p>\n<p>&nbsp;<\/p>\n","protected":false},"excerpt":{"rendered":"<p>SEANIMA APRESENTA 24 a 26 de novembro Consulte a programa\u00e7\u00e3o completa neste link . VIDEOS 2020 Veja os selecionados na edi\u00e7\u00e3o 2020 neste link. SEANIMA CONVIDA 03 a 05 de novembro ter\u00e7a-feira\u00a0 03\/11 (18:00) Mulheres Maravilhosas da Anima\u00e7\u00e3o Brasileira https:\/\/youtu.be\/FXEmcJvxERo quarta-feira\u00a0 04\/11 (16:00) Aula de Mestre com Rui de Oliveira https:\/\/youtu.be\/2WxdTnCnhfg quarta-feira\u00a0 04\/11 (18:00) Legado: &hellip; <\/p>\n<p class=\"link-more\"><a href=\"http:\/\/seanima.org\/content\/seanima-2020\/\" class=\"more-link\">Continue lendo<span class=\"screen-reader-text\"> &#8220;seanima 2020&#8221;<\/span><\/a><\/p>\n","protected":false},"author":4,"featured_media":0,"parent":0,"menu_order":0,"comment_status":"closed","ping_status":"closed","template":"","meta":{"footnotes":"","_links_to":"","_links_to_target":""},"class_list":["post-447","page","type-page","status-publish","hentry"],"_links":{"self":[{"href":"http:\/\/seanima.org\/content\/wp-json\/wp\/v2\/pages\/447","targetHints":{"allow":["GET"]}}],"collection":[{"href":"http:\/\/seanima.org\/content\/wp-json\/wp\/v2\/pages"}],"about":[{"href":"http:\/\/seanima.org\/content\/wp-json\/wp\/v2\/types\/page"}],"author":[{"embeddable":true,"href":"http:\/\/seanima.org\/content\/wp-json\/wp\/v2\/users\/4"}],"replies":[{"embeddable":true,"href":"http:\/\/seanima.org\/content\/wp-json\/wp\/v2\/comments?post=447"}],"version-history":[{"count":12,"href":"http:\/\/seanima.org\/content\/wp-json\/wp\/v2\/pages\/447\/revisions"}],"predecessor-version":[{"id":590,"href":"http:\/\/seanima.org\/content\/wp-json\/wp\/v2\/pages\/447\/revisions\/590"}],"wp:attachment":[{"href":"http:\/\/seanima.org\/content\/wp-json\/wp\/v2\/media?parent=447"}],"curies":[{"name":"wp","href":"https:\/\/api.w.org\/{rel}","templated":true}]}}