{"id":477,"date":"2020-09-23T16:34:30","date_gmt":"2020-09-23T19:34:30","guid":{"rendered":"http:\/\/seanima.org\/content\/?page_id=477"},"modified":"2020-10-24T05:14:27","modified_gmt":"2020-10-24T08:14:27","slug":"inscricao-em-video","status":"publish","type":"page","link":"http:\/\/seanima.org\/content\/inscricao-em-video\/","title":{"rendered":"inscri\u00e7\u00e3o em v\u00eddeo"},"content":{"rendered":"<p>S\u00e3o tr\u00eas categorias de v\u00eddeo abertas para a edi\u00e7\u00e3o do Seanima 2020: Anima-P\u00f4ster, Processo em Registro (1) e Ensaio Audiovisual (2). Leia atentamente as informa\u00e7\u00f5es abaixo, siga as instru\u00e7\u00f5es e inscreva seu trabalho.<\/p>\n<p><span style=\"font-weight: 400;\">Os lan\u00e7amentos dos trabalhos selecionados ser\u00e3o no dia 03 de novembro de 2020 e far\u00e3o parte da galeria de v\u00eddeos online no site do SEANIMA. Os autores dos trabalhos selecionados receber\u00e3o certificados referentes nas categorias \u00e0s quais submeteram trabalhos.<\/span><\/p>\n<p><b>1. Anima-P\u00f4ster (<\/b><b>v\u00eddeo-apresenta\u00e7\u00e3o sobre a pesquisa para graduandos, rec\u00e9m formados e\/ou t\u00e9cnicos) <\/b><b>e Processo-em-Registro (making of)<\/b><\/p>\n<p><b>Curadoria: Antonio Fialho, Claudia Bolshaw e Milena Szafir<\/b><\/p>\n<p><span style=\"font-weight: 400;\">Esta categoria \u00e9 voltada para alunos ou rec\u00e9m formados de cursos de gradua\u00e7\u00e3o e t\u00e9cnicos apresentarem, em v\u00eddeo, pesquisas, projetos e trabalhos relacionados a processos da realiza\u00e7\u00e3o pr\u00e1tica envolvendo anima\u00e7\u00e3o, motion graphics e \u00e1reas correlatas.\u00a0<\/span><\/p>\n<p><span style=\"font-weight: 400;\">Os temas sugeridos podem envolver desde o desenvolvimento gr\u00e1fico de um livro de produ\u00e7\u00e3o-trabalho (B\u00ediblia), contendo:\u00a0<\/span><\/p>\n<ul>\n<li style=\"font-weight: 400;\"><span style=\"font-weight: 400;\">explora\u00e7\u00e3o visual de personagens, objetos e cen\u00e1rios (arte de concep\u00e7\u00e3o);<\/span><\/li>\n<li style=\"font-weight: 400;\"><span style=\"font-weight: 400;\">cria\u00e7\u00e3o de roteiros visuais (est\u00e1gios de realiza\u00e7\u00e3o);<\/span><\/li>\n<li style=\"font-weight: 400;\"><span style=\"font-weight: 400;\">modelos definitivos dos elementos visuais (constru\u00e7\u00e3o, poses, rela\u00e7\u00e3o de escala entre personagens etc.);\u00a0<\/span><\/li>\n<li style=\"font-weight: 400;\"><span style=\"font-weight: 400;\">paleta de cores constituintes do projeto; composi\u00e7\u00e3o de cenas, com enquadramento, ilumina\u00e7\u00e3o e contraste por silhuetas (dire\u00e7\u00e3o de arte);<\/span><\/li>\n<li style=\"font-weight: 400;\"><span style=\"font-weight: 400;\">livro de trabalho (roteiro visual estruturado em pain\u00e9is com movimentos de c\u00e2mera e a\u00e7\u00f5es descritivas, modelos visuais completos, roteiro escrito);\u00a0<\/span><\/li>\n<\/ul>\n<p><span style=\"font-weight: 400;\">Para regula\u00e7\u00e3o de tempo, constru\u00e7\u00e3o do movimento e finaliza\u00e7\u00e3o do registro gr\u00e1fico, sugerimos que seja apresentado:\u00a0<\/span><\/p>\n<ul>\n<li style=\"font-weight: 400;\"><span style=\"font-weight: 400;\">anim\u00e1ticos (roteiro visual filmado com \u00e1udio), podendo contemplar a diagrama\u00e7\u00e3o de cenas para anima\u00e7\u00e3o;\u00a0<\/span><\/li>\n<li style=\"font-weight: 400;\"><span style=\"font-weight: 400;\">estudos de movimento e arte-final para personagens; anima\u00e7\u00e3o de efeitos visuais (fogo, \u00e1gua, sombra, brilhos etc.);\u00a0<\/span><\/li>\n<li style=\"font-weight: 400;\"><span style=\"font-weight: 400;\">organiza\u00e7\u00e3o da produ\u00e7\u00e3o (em equipe ou individual); manual de produ\u00e7\u00e3o &#8211; cronogramas e fluxogramas de realiza\u00e7\u00e3o; processos h\u00edbridos entre t\u00e9cnicas de anima\u00e7\u00e3o; produ\u00e7\u00e3o de b\u00edblias para s\u00e9ries animadas, dentre outros.<\/span><\/li>\n<\/ul>\n<p><span style=\"font-weight: 400;\">Estudantes, rec\u00e9m formados e\/ou t\u00e9cnicos interessados em apresentar seus trabalhos na categoria \u201cAnima-P\u00f4ster\u201d (v\u00eddeo p\u00f4ster sobre a pesquisa) ou \u201cProcesso-em-Registro\u201d (making of de trabalho)\u00a0 dever\u00e3o preencher o formul\u00e1rio contendo:<\/span><\/p>\n<ul>\n<li style=\"font-weight: 400;\"><span style=\"font-weight: 400;\">t\u00edtulo (at\u00e9 60 caracteres com espa\u00e7os),\u00a0<\/span><\/li>\n<li style=\"font-weight: 400;\"><span style=\"font-weight: 400;\">nomes dos autores (equipe envolvida na anima\u00e7\u00e3o e na trilha sonora),\u00a0<\/span><\/li>\n<li style=\"font-weight: 400;\"><span style=\"font-weight: 400;\">v\u00ednculos institucionais (o nome da Institui\u00e7\u00e3o de ensino procedente, orientador),\u00a0<\/span><\/li>\n<li style=\"font-weight: 400;\"><span style=\"font-weight: 400;\">ano de produ\u00e7\u00e3o,\u00a0<\/span><\/li>\n<li style=\"font-weight: 400;\"><span style=\"font-weight: 400;\">resumo textual curto (at\u00e9 750 caracteres com espa\u00e7os),\u00a0<\/span><\/li>\n<li style=\"font-weight: 400;\"><span style=\"font-weight: 400;\">palavras-chaves,\u00a0<\/span><\/li>\n<li style=\"font-weight: 400;\"><span style=\"font-weight: 400;\">Link do v\u00eddeo (YouTube ou Vimeo | certifique-se que o v\u00eddeo esteja completo e funcionando corretamente)<\/span><\/li>\n<\/ul>\n<p><span style=\"font-weight: 400;\">Atentar que o v\u00eddeo deve estar configurado para o enquadramento horizontal com dimens\u00f5es de imagem m\u00ednima de 854 x 480 pixels (480p), e m\u00e1xima de 1920 x 1080 (1080p).<\/span><\/p>\n<p><span style=\"font-weight: 400;\">Temos um arquivo modelo \u201ccartela video &#8211; p\u00f4ster.psd\u201d ou \u201ccartela video &#8211; makingof.psd\u201d dispon\u00edveis nestes links: <\/span><a href=\"http:\/\/seanima.org\/content\/wp-content\/uploads\/2020\/09\/cartela-video-poster.psd\" target=\"_blank\" rel=\"noopener\"><b>cartela v\u00eddeo-p\u00f4ster<\/b><\/a><span style=\"font-weight: 400;\"> e <\/span><a href=\"http:\/\/seanima.org\/content\/wp-content\/uploads\/2020\/09\/cartela-video-makingof.psd\" target=\"_blank\" rel=\"noopener\"><b>cartela making-of<\/b><\/a><\/p>\n<p><span style=\"font-weight: 400;\">Ap\u00f3s os 30 segundos iniciais da cartela, inicia-se o v\u00eddeo &#8211; este com dura\u00e7\u00e3o m\u00e1xima de 5 minutos (sem considerar os 30 segundos iniciais da cartela). A t\u00e9cnica e linguagem s\u00e3o livres, tomando por par\u00e2metro que na categoria \u201cAnima P\u00f4ster\u201d h\u00e1 a necessidade de uma estrutura narrativa entre introdu\u00e7\u00e3o, objetivos, desenvolvimento, resultados finais (ou parciais) e bibliografia referente. Como modelo projetual de desenvolvimento do trabalho.\u00a0<\/span><\/p>\n<p><span style=\"font-weight: 400;\">O prazo para envio do material \u00e9 at\u00e9 o dia 26 de outubro, submetido via <\/span><a href=\"https:\/\/forms.gle\/Gcu3V3nAMXnVii7G7\" target=\"_blank\" rel=\"noopener\"><b>formul\u00e1rio online<\/b><\/a><span style=\"font-weight: 400;\">.\u00a0<\/span><\/p>\n<p><em>Responsabilidade de imagem e som:<\/em><\/p>\n<p><span style=\"font-weight: 400;\">Ao preencher o formul\u00e1rio, a pessoa representante (primeiro autor) do v\u00eddeo (\u201cAnima P\u00f4ster\u201d ou \u201cProcesso-em-Registro\u201d) declara ser respons\u00e1vel pelos direitos relativos \u00e0 pesquisa inscrita, incluindo direitos autorais, trilha sonora e direitos de uso de imagem de terceiros.\u00a0\u00a0<\/span><span style=\"font-weight: 400;\">Desta maneira, assume plena e exclusiva responsabilidade legal por qualquer lit\u00edgio decorrente da exibi\u00e7\u00e3o ou uso do v\u00eddeo no SEANIMA 2020, isentando, portanto, a organiza\u00e7\u00e3o do evento de todo e qualquer pleito ou reivindica\u00e7\u00e3o de terceiros.<\/span><\/p>\n<p><strong>2. Ensaios Audiovisuais<\/strong><\/p>\n<p><b>Sele\u00e7\u00e3o\/ Curadoria: Marcos Buccini, Milena Szafir e S\u00e9rgio Nesteriuk<\/b><\/p>\n<p><span style=\"font-weight: 400;\">A categoria \u201cEnsaio Audiovisual\u201d \u00e9 voltada para participa\u00e7\u00e3o de mestrandos, mestres, doutorandos e doutores com pesquisas, conclu\u00eddas ou em desenvolvimento, nestes campos.<\/span><\/p>\n<p><span style=\"font-weight: 400;\">Pesquisadores interessados em apresentar seus trabalhos na categoria \u201cEnsaio Audiovisual\u201d dever\u00e3o preencher o formul\u00e1rio, contendo: t\u00edtulo (at\u00e9 60 caracteres com espa\u00e7os), nomes dos autores, afilia\u00e7\u00f5es (v\u00ednculos institucionais), resumo textual curto (at\u00e9 750 caracteres com espa\u00e7os), palavras-chaves, dura\u00e7\u00e3o do v\u00eddeo e link para download do v\u00eddeo (arquivo de no m\u00ednimo 50Mb e no m\u00e1ximo 250Mb). Atentar que o v\u00eddeo deve estar configurado para o <\/span><span style=\"font-weight: 400;\">enquadramento horizontal com dimens\u00f5es de imagem m\u00ednima de <\/span><span style=\"font-weight: 400;\">854 x 480<\/span><span style=\"font-weight: 400;\"> pixels <\/span><span style=\"font-weight: 400;\">(480p), e m\u00e1xima de 1920 x 1080 (1080p).<\/span><\/p>\n<p><span style=\"font-weight: 400;\">O arquivo de v\u00eddeo dever\u00e1 ter, em seus 30 segundos iniciais, uma cartela com as seguintes informa\u00e7\u00f5es: t\u00edtulo (at\u00e9 60 caracteres com espa\u00e7os), nomes dos autores, afilia\u00e7\u00f5es (v\u00ednculos institucionais), resumo textual curto (at\u00e9 750 caracteres com espa\u00e7os), palavras-chaves e dura\u00e7\u00e3o do v\u00eddeo &#8211; conforme arquivo modelo \u201c<\/span><b>cartela video &#8211; ensaio.psd<\/b><span style=\"font-weight: 400;\">\u201d dispon\u00edvel <\/span><a href=\"http:\/\/seanima.org\/content\/wp-content\/uploads\/2020\/09\/cartela-video-ensaio.psd\" target=\"_blank\" rel=\"noopener\"><b>neste link<\/b><span style=\"font-weight: 400;\">.<\/span><\/a><\/p>\n<p><span style=\"font-weight: 400;\">Ap\u00f3s os 30 segundos iniciais da cartela, inicia-se o v\u00eddeo &#8211; este com dura\u00e7\u00e3o m\u00e1xima de 5 minutos (sem considerar os 30 segundos iniciais da cartela). A t\u00e9cnica e linguagem s\u00e3o livres para a realiza\u00e7\u00e3o na categoria \u201cEnsaio Audiovisual\u201d, tomando por par\u00e2metro uma<\/span><span style=\"font-weight: 400;\"> estrutura entre introdu\u00e7\u00e3o, desenvolvimento e resultados finais (ou parciais) da pesquisa em formato narrativo, <\/span><span style=\"font-weight: 400;\">tais como v\u00eddeo-dan\u00e7a, filme-ensaio, cinema experimental, v\u00eddeo-remix e outros.\u00a0<\/span><\/p>\n<p><span style=\"font-weight: 400;\">O prazo para envio do material \u00e9 at\u00e9 o dia 26 de outubro, submetido via <\/span><a href=\"https:\/\/forms.gle\/Gcu3V3nAMXnVii7G7\" target=\"_blank\" rel=\"noopener\"><b>formul\u00e1rio online<\/b><\/a><span style=\"font-weight: 400;\">.<\/span><\/p>\n<p><em>Responsabilidade de imagem e som<\/em><\/p>\n<p><span style=\"font-weight: 400;\">Ao preencher o formul\u00e1rio a pessoa representante (primeiro autor) do ensaio audiovisual declara ser respons\u00e1vel pelos direitos relativos \u00e0 pesquisa inscrita, incluindo direitos autorais, trilha sonora e direitos de uso de imagem de terceiros. Destarte, assume plena e exclusiva responsabilidade legal por qualquer lit\u00edgio decorrente da exibi\u00e7\u00e3o ou uso do v\u00eddeo no SEANIMA 2020, isentando, portanto, a organiza\u00e7\u00e3o do evento de todo e qualquer pleito ou reivindica\u00e7\u00e3o de terceiros.<\/span><\/p>\n","protected":false},"excerpt":{"rendered":"<p>S\u00e3o tr\u00eas categorias de v\u00eddeo abertas para a edi\u00e7\u00e3o do Seanima 2020: Anima-P\u00f4ster, Processo em Registro (1) e Ensaio Audiovisual (2). Leia atentamente as informa\u00e7\u00f5es abaixo, siga as instru\u00e7\u00f5es e inscreva seu trabalho. Os lan\u00e7amentos dos trabalhos selecionados ser\u00e3o no dia 03 de novembro de 2020 e far\u00e3o parte da galeria de v\u00eddeos online no &hellip; <\/p>\n<p class=\"link-more\"><a href=\"http:\/\/seanima.org\/content\/inscricao-em-video\/\" class=\"more-link\">Continue lendo<span class=\"screen-reader-text\"> &#8220;inscri\u00e7\u00e3o em v\u00eddeo&#8221;<\/span><\/a><\/p>\n","protected":false},"author":4,"featured_media":0,"parent":0,"menu_order":0,"comment_status":"closed","ping_status":"closed","template":"","meta":{"footnotes":"","_links_to":"","_links_to_target":""},"class_list":["post-477","page","type-page","status-publish","hentry"],"_links":{"self":[{"href":"http:\/\/seanima.org\/content\/wp-json\/wp\/v2\/pages\/477","targetHints":{"allow":["GET"]}}],"collection":[{"href":"http:\/\/seanima.org\/content\/wp-json\/wp\/v2\/pages"}],"about":[{"href":"http:\/\/seanima.org\/content\/wp-json\/wp\/v2\/types\/page"}],"author":[{"embeddable":true,"href":"http:\/\/seanima.org\/content\/wp-json\/wp\/v2\/users\/4"}],"replies":[{"embeddable":true,"href":"http:\/\/seanima.org\/content\/wp-json\/wp\/v2\/comments?post=477"}],"version-history":[{"count":9,"href":"http:\/\/seanima.org\/content\/wp-json\/wp\/v2\/pages\/477\/revisions"}],"predecessor-version":[{"id":511,"href":"http:\/\/seanima.org\/content\/wp-json\/wp\/v2\/pages\/477\/revisions\/511"}],"wp:attachment":[{"href":"http:\/\/seanima.org\/content\/wp-json\/wp\/v2\/media?parent=477"}],"curies":[{"name":"wp","href":"https:\/\/api.w.org\/{rel}","templated":true}]}}