{"id":499,"date":"2020-10-09T10:35:30","date_gmt":"2020-10-09T13:35:30","guid":{"rendered":"http:\/\/seanima.org\/content\/?page_id=499"},"modified":"2025-09-02T05:12:53","modified_gmt":"2025-09-02T08:12:53","slug":"anais-seanima","status":"publish","type":"page","link":"http:\/\/seanima.org\/content\/anais-seanima\/","title":{"rendered":"anais seanima"},"content":{"rendered":"<p><strong>1\u00ba SEANIMA (2018)<\/strong> Na publica\u00e7\u00e3o em PDF encontram-se os resumos de todos os trabalhos apresentados no primeiro SEANIMA, que aconteceu nos dias 11 e 12 de setembro\u00a0 de 2018, na Escola de Comunica\u00e7\u00e3o, Artes e Design (Famecos | PUCRS) na cidade de Porto Alegre. <a href=\"http:\/\/seanima.org\/content\/wp-content\/uploads\/2020\/10\/SEANIMA2018_Anais_issuu.pdf\" target=\"_blank\" rel=\"noopener\">SEANIMA2018_Anais.PDF<\/a><\/p>\n<p><strong>2\u00ba SEANIMA (2019)<\/strong> A segunda edi\u00e7\u00e3o aconteceu na Universidade Veiga de Almeida (UVA), na cidade do Rio de Janeiro.<\/p>\n<p>Infelizmente ainda n\u00e3o tivemos f\u00f4lego de lan\u00e7ar os Anais dos anos 2019, 2020, 2021 e 2024. Mas lan\u00e7aremos uma campanha de <em>crowdfunding<\/em> para essa tarefa, ainda este ano. Fiquem atentos \u00e0s redes sociais \ud83d\ude09.<\/p>\n","protected":false},"excerpt":{"rendered":"<p>1\u00ba SEANIMA (2018) Na publica\u00e7\u00e3o em PDF encontram-se os resumos de todos os trabalhos apresentados no primeiro SEANIMA, que aconteceu nos dias 11 e 12 de setembro\u00a0 de 2018, na Escola de Comunica\u00e7\u00e3o, Artes e Design (Famecos | PUCRS) na cidade de Porto Alegre. SEANIMA2018_Anais.PDF 2\u00ba SEANIMA (2019) A segunda edi\u00e7\u00e3o aconteceu na Universidade Veiga &hellip; <\/p>\n<p class=\"link-more\"><a href=\"http:\/\/seanima.org\/content\/anais-seanima\/\" class=\"more-link\">Continue lendo<span class=\"screen-reader-text\"> &#8220;anais seanima&#8221;<\/span><\/a><\/p>\n","protected":false},"author":4,"featured_media":0,"parent":0,"menu_order":0,"comment_status":"closed","ping_status":"closed","template":"","meta":{"footnotes":"","_links_to":"","_links_to_target":""},"class_list":["post-499","page","type-page","status-publish","hentry"],"_links":{"self":[{"href":"http:\/\/seanima.org\/content\/wp-json\/wp\/v2\/pages\/499","targetHints":{"allow":["GET"]}}],"collection":[{"href":"http:\/\/seanima.org\/content\/wp-json\/wp\/v2\/pages"}],"about":[{"href":"http:\/\/seanima.org\/content\/wp-json\/wp\/v2\/types\/page"}],"author":[{"embeddable":true,"href":"http:\/\/seanima.org\/content\/wp-json\/wp\/v2\/users\/4"}],"replies":[{"embeddable":true,"href":"http:\/\/seanima.org\/content\/wp-json\/wp\/v2\/comments?post=499"}],"version-history":[{"count":8,"href":"http:\/\/seanima.org\/content\/wp-json\/wp\/v2\/pages\/499\/revisions"}],"predecessor-version":[{"id":507,"href":"http:\/\/seanima.org\/content\/wp-json\/wp\/v2\/pages\/499\/revisions\/507"}],"wp:attachment":[{"href":"http:\/\/seanima.org\/content\/wp-json\/wp\/v2\/media?parent=499"}],"curies":[{"name":"wp","href":"https:\/\/api.w.org\/{rel}","templated":true}]}}