{"id":605,"date":"2021-06-10T15:21:31","date_gmt":"2021-06-10T18:21:31","guid":{"rendered":"http:\/\/seanima.org\/content\/?page_id=605"},"modified":"2021-07-23T14:23:13","modified_gmt":"2021-07-23T17:23:13","slug":"chamada-2021","status":"publish","type":"page","link":"http:\/\/seanima.org\/content\/chamada-2021\/","title":{"rendered":"chamada 2021"},"content":{"rendered":"<h1><strong>SEANIMA CHAMADA 2021 &#8211; edi\u00e7\u00e3o<i> on-line<\/i><\/strong><\/h1>\n<p><span style=\"font-weight: 400;\">Est\u00e1 aberta a <\/span><b>chamada de trabalhos para a quarta edi\u00e7\u00e3o do Semin\u00e1rio Brasileiro de Estudos em Anima\u00e7\u00e3o (SEANIMA)<\/b><span style=\"font-weight: 400;\">, evento que re\u00fane pesquisadores das \u00e1reas de cinema, audiovisual e <\/span><i><span style=\"font-weight: 400;\">design<\/span><\/i><span style=\"font-weight: 400;\"> do Brasil e suas correla\u00e7\u00f5es nos campos de <\/span><i><span style=\"font-weight: 400;\">games, motion graphics<\/span><\/i><span style=\"font-weight: 400;\"> e efeitos visuais.<\/span><\/p>\n<p><span style=\"font-weight: 400;\">O evento ser\u00e1 realizado on-line, de <\/span><b>21 a 24 de setembro de 2021<\/b><span style=\"font-weight: 400;\">.<\/span><\/p>\n<p><span style=\"font-weight: 400;\">Ser\u00e3o aceitas apresenta\u00e7\u00f5es nos seguintes eixos tem\u00e1ticos:<\/span><\/p>\n<ul>\n<li><b>Interdisciplinaridade na Anima\u00e7\u00e3o: <\/b><span style=\"font-weight: 400;\">intersec\u00e7\u00f5es da anima\u00e7\u00e3o com o cinema, audiovisual e <\/span><i><span style=\"font-weight: 400;\">design<\/span><\/i><span style=\"font-weight: 400;\"> em suas \u00e1reas correlatas (<\/span><i><span style=\"font-weight: 400;\">games, motion graphics<\/span><\/i><span style=\"font-weight: 400;\"> e efeitos visuais).<\/span><\/li>\n<li aria-level=\"1\"><b>Processos da Anima\u00e7\u00e3o: <span style=\"font-weight: 400;\">relatos, an\u00e1lises e reflex\u00f5es feitas acerca dos processos de cria\u00e7\u00e3o e produ\u00e7\u00e3o de anima\u00e7\u00f5es.<\/span><\/b><\/li>\n<li><strong>Est\u00e9ticas Animadas:<\/strong> <span style=\"font-weight: 400;\">estudos e teoriza\u00e7\u00f5es da linguagem da anima\u00e7\u00e3o nas suas diversas express\u00f5es (visual, cin\u00e9tica, dentre outras).<\/span><\/li>\n<li aria-level=\"1\"><strong>Anima\u00e7\u00e3o: Forma\u00e7\u00e3o e Educa\u00e7\u00e3o:<\/strong> <span style=\"font-weight: 400;\">m\u00e9todos pedag\u00f3gicos de ensino-aprendizagem da anima\u00e7\u00e3o nos diversos n\u00edveis de forma\u00e7\u00e3o (t\u00e9cnico, gradua\u00e7\u00e3o, p\u00f3s-gradua\u00e7\u00e3o, entre outros).\u00a0<\/span><\/li>\n<li style=\"font-weight: 400;\" aria-level=\"1\"><b>Anima\u00e7\u00e3o, Sociedade e Mercado:<\/b><span style=\"font-weight: 400;\"> debates, an\u00e1lises e perspectivas sobre as pr\u00e1ticas s\u00f3cio-culturais, econ\u00f4micas e profissionais em torno da anima\u00e7\u00e3o.<\/span><\/li>\n<li style=\"font-weight: 400;\" aria-level=\"1\"><b>Panorama Hist\u00f3rico<\/b><span style=\"font-weight: 400;\">: registros e an\u00e1lises sobre autoria, ind\u00fastria, movimentos art\u00edsticos e t\u00e9cnicas de anima\u00e7\u00e3o.<\/span><\/li>\n<li style=\"font-weight: 400;\" aria-level=\"1\"><b>Narrativas Animadas: <\/b><span style=\"font-weight: 400;\">processos e intera\u00e7\u00f5es entre linguagens (escrita, visual e audiovisual) no que tange \u00e0 narrativa, seja ela linear ou n\u00e3o.<\/span><\/li>\n<\/ul>\n<p><span style=\"font-weight: 400;\">Havendo interesse na apresenta\u00e7\u00e3o de trabalhos h\u00e1 duas modalidade de submiss\u00e3o (n\u00e3o excludentes):<\/span><span style=\"font-weight: 400;\"><br \/>\n<\/span><span style=\"font-weight: 400;\"><br \/>\n<\/span><span style=\"font-weight: 400;\">1) <\/span><b>Artigo<\/b><span style=\"font-weight: 400;\">: apresenta\u00e7\u00e3o de trabalhos completos. Realizada ao vivo via streaming, com dura\u00e7\u00e3o de 20 minutos.<\/span><\/p>\n<p><span style=\"font-weight: 400;\">2) <\/span><b>P\u00f4ster<\/b><span style=\"font-weight: 400;\">: apresenta\u00e7\u00e3o em v\u00eddeo pr\u00e9-gravado de pesquisas e processos, com dura\u00e7\u00e3o de 5 minutos.<\/span><span style=\"font-weight: 400;\"><br \/>\n<\/span><span style=\"font-weight: 400;\"><br \/>\n<\/span><b>Requisitos para a submiss\u00e3o:<\/b><b><br \/>\n<\/b><span style=\"font-weight: 400;\">1) <\/span><b>Artigo<\/b><span style=\"font-weight: 400;\">: <\/span><span style=\"font-weight: 400;\"><br \/>\n<\/span><span style=\"font-weight: 400;\">a) resumo expandido (entre 2000 e 4000 caracteres com espa\u00e7o);<\/span><span style=\"font-weight: 400;\"><br \/>\n<\/span><span style=\"font-weight: 400;\">b) refer\u00eancias bibliogr\u00e1ficas (at\u00e9 1000 caracteres com espa\u00e7o);<\/span><span style=\"font-weight: 400;\"><br \/>\n<\/span><span style=\"font-weight: 400;\">c) mini-bio (at\u00e9 500 caracteres).<\/span><\/p>\n<p><span style=\"font-weight: 400;\">2) <\/span><b>P\u00f4ster<\/b><span style=\"font-weight: 400;\">: <\/span><span style=\"font-weight: 400;\"><br \/>\n<\/span><span style=\"font-weight: 400;\">a) resumo (entre 500 e 1000 caracteres com espa\u00e7o);<\/span><span style=\"font-weight: 400;\"><br \/>\n<\/span><span style=\"font-weight: 400;\">b) mini-bio (at\u00e9 500 caracteres).<\/span><span style=\"font-weight: 400;\"><br \/>\n<\/span><span style=\"font-weight: 400;\"><br \/>\n<\/span><span style=\"font-weight: 400;\">O prazo final para as submiss\u00f5es<\/span> <b>vai at\u00e9 dia<\/b> <b>27 de julho<\/b><span style=\"font-weight: 400;\">,<\/span><span style=\"font-weight: 400;\"> atrav\u00e9s deste <\/span><a href=\"https:\/\/forms.gle\/CQRwkhxxzuQCJB3x5\"><span style=\"font-weight: 400;\">formul\u00e1rio online<\/span><\/a><span style=\"font-weight: 400;\">. Os resultados da avalia\u00e7\u00e3o, com os pareceres, ser\u00e3o comunicados, via e-mail, <\/span><b>at\u00e9 24 de agosto<\/b><span style=\"font-weight: 400;\">.<\/span><\/p>\n<p><b>Observa\u00e7\u00f5es:<\/b><span style=\"font-weight: 400;\"><br \/>\n<\/span><span style=\"font-weight: 400;\">1) As inscri\u00e7\u00f5es est\u00e3o abertas a realizadores, pesquisadores e docentes da \u00e1rea, independente de titula\u00e7\u00e3o. <\/span><span style=\"font-weight: 400;\"><br \/>\n<\/span><span style=\"font-weight: 400;\">2) Os v\u00eddeos pr\u00e9-gravados dos p\u00f4steres aprovados, dever\u00e3o ser enviados at\u00e9 10 de setembro, mediante orienta\u00e7\u00f5es espec\u00edficas a serem divulgadas por e-mail.<\/span><\/p>\n<p><i><span style=\"font-weight: 400;\">D\u00favidas adicionais: estamos \u00e0 disposi\u00e7\u00e3o no e-mail <\/span><\/i><b><i>contato.seanima@gmail.com<\/i><\/b><\/p>\n<p><b>Comiss\u00e3o Organizadora<\/b><b><br \/>\n<\/b><span style=\"font-weight: 400;\">Antonio Fialho (UFMG), Carla Schneider (UFPEL-RS), Claudia Bolshaw (PUC-Rio), Gabriel Cruz (UFF e UVA-RJ), Jo\u00e3o Paulo Schlittler (USP), Marcos Buccini (UFPE), Raphael Argento (IFRJ), Roberta de Freitas (UVA-RJ), Sergio Nesteriuk (UAM-SP), Stephanie Watanabe (FAAP-SP).<\/span><\/p>\n<p><span style=\"font-weight: 400;\">Link direto para o fomul\u00e1rio de submiss\u00f5es: <\/span><a href=\"https:\/\/forms.gle\/CQRwkhxxzuQCJB3x5\"><span style=\"font-weight: 400;\">https:\/\/forms.gle\/CQRwkhxxzuQCJB3x5<\/span><\/a><\/p>\n","protected":false},"excerpt":{"rendered":"<p>SEANIMA CHAMADA 2021 &#8211; edi\u00e7\u00e3o on-line Est\u00e1 aberta a chamada de trabalhos para a quarta edi\u00e7\u00e3o do Semin\u00e1rio Brasileiro de Estudos em Anima\u00e7\u00e3o (SEANIMA), evento que re\u00fane pesquisadores das \u00e1reas de cinema, audiovisual e design do Brasil e suas correla\u00e7\u00f5es nos campos de games, motion graphics e efeitos visuais. O evento ser\u00e1 realizado on-line, de &hellip; <\/p>\n<p class=\"link-more\"><a href=\"http:\/\/seanima.org\/content\/chamada-2021\/\" class=\"more-link\">Continue lendo<span class=\"screen-reader-text\"> &#8220;chamada 2021&#8221;<\/span><\/a><\/p>\n","protected":false},"author":4,"featured_media":0,"parent":0,"menu_order":0,"comment_status":"closed","ping_status":"closed","template":"","meta":{"footnotes":"","_links_to":"","_links_to_target":""},"class_list":["post-605","page","type-page","status-publish","hentry"],"_links":{"self":[{"href":"http:\/\/seanima.org\/content\/wp-json\/wp\/v2\/pages\/605","targetHints":{"allow":["GET"]}}],"collection":[{"href":"http:\/\/seanima.org\/content\/wp-json\/wp\/v2\/pages"}],"about":[{"href":"http:\/\/seanima.org\/content\/wp-json\/wp\/v2\/types\/page"}],"author":[{"embeddable":true,"href":"http:\/\/seanima.org\/content\/wp-json\/wp\/v2\/users\/4"}],"replies":[{"embeddable":true,"href":"http:\/\/seanima.org\/content\/wp-json\/wp\/v2\/comments?post=605"}],"version-history":[{"count":5,"href":"http:\/\/seanima.org\/content\/wp-json\/wp\/v2\/pages\/605\/revisions"}],"predecessor-version":[{"id":619,"href":"http:\/\/seanima.org\/content\/wp-json\/wp\/v2\/pages\/605\/revisions\/619"}],"wp:attachment":[{"href":"http:\/\/seanima.org\/content\/wp-json\/wp\/v2\/media?parent=605"}],"curies":[{"name":"wp","href":"https:\/\/api.w.org\/{rel}","templated":true}]}}