{"id":702,"date":"2024-11-25T14:10:26","date_gmt":"2024-11-25T16:10:26","guid":{"rendered":"http:\/\/seanima.org\/content\/?page_id=702"},"modified":"2024-11-28T23:18:11","modified_gmt":"2024-11-29T01:18:11","slug":"programacao-2024","status":"publish","type":"page","link":"http:\/\/seanima.org\/content\/programacao-2024\/","title":{"rendered":"Programa\u00e7\u00e3o 2024"},"content":{"rendered":"<p><strong>As Mesas seguem dispon\u00edveis em nosso Canal do Youtube:<br \/><a href=\"https:\/\/www.youtube.com\/@seanima_br\">Semin\u00e1rio Brasileiro de Estudos em Anima\u00e7\u00e3o &#8211; YouTube<\/a><\/p>\n<p>Ter\u00e7a-feira \u2013 26\/11\/2024<\/strong><\/p>\n<p>09:00 \u00e0s 09:20 \u2013 Abertura Oficial do SeAnima<br \/>link para a Abertura:\u00a0<a href=\"https:\/\/www.youtube.com\/@seanima_br\">\u00a0Semin\u00e1rio Brasileiro de Estudos em Anima\u00e7\u00e3o &#8211; YouTube<\/a><\/p>\n<p>09:30 \u00e0s 11:30 <br \/>Anima\u00e7\u00e3o, Sociedade e Mercado<br \/><span style=\"font-size: 1rem;\">\u00a0&#8211;\u00a0 O desenho na inf\u00e2ncia: a influ\u00eancia das anima\u00e7\u00f5es. Giovanna Campos<br \/><\/span>&#8211; O\u00a0 relato autobiogr\u00e1fico em curtas-metragens de anima\u00e7\u00e3o realizados por mulheres no Brasil: O Projeto do Meu Pai e Guaxuma. Laryssa Moreira do Prado<\/p>\n<p>Anima\u00e7\u00e3o: Forma\u00e7\u00e3o e Educa\u00e7\u00e3o<br \/>&#8211; MTV\u2019s Daria e a Gera\u00e7\u00e3o Dentro da Caixa: O Blas\u00e9 Como Representa\u00e7\u00e3o da Adolesc\u00eancia dos Anos 1990 na anima\u00e7\u00e3o. Luana Campos Ponchet<br \/>&#8211;\u00a0 Curso t\u00e9cnico subsequente em anima\u00e7\u00e3o no Instituto Federal de Bras\u00edlia. Fernando Gutierrez<\/p>\n<p>&nbsp;<\/p>\n<p>13:30 \u00e0s 15:00 \u2013 Est\u00e9ticas Animadas<br \/>\u00a0&#8211; As atividades extensionistas de anima\u00e7\u00e3o como pot\u00eancia: uma an\u00e1lise dos alcances e desafios do EXPERIMENTA-L\u00c1. Bruno Azzani Braga<br \/>&#8211; O que de QUEER tem a anima\u00e7\u00e3o brasileira an\u00e1lise de obras LGBT catalogadas pelo ABRA-L\u00c1 Queer?\u00a0 Bruno Azzani Braga<br \/>&#8211; Produ\u00e7\u00e3o de games e anima\u00e7\u00e3o em ambiente universit\u00e1rio: caso V\u00e9tera. <br \/>Thais Rodrigues Oliveira<br \/><span style=\"font-size: 1rem;\">&#8211; Entre o Tempo e o Espa\u00e7o: A Concep\u00e7\u00e3o do Ma na Perspectiva de Miyazaki. Dora Teixeira de Oliveira Andrade<\/span><\/p>\n<p>19:00 \u00e0s 21:00 \u2013 SeAnima Convida:\u00a0\u00a0<span style=\"font-size: 1rem;\">Pioneirismo e legado &#8211; tra\u00e7ando o caminho da anima\u00e7\u00e3o latino-americana, com Romina C\u00f3rdoba e H\u00e9ctor Cristiani. Media\u00e7\u00e3o e tradu\u00e7\u00e3o por Andr\u00e9s Lieban e Carla Schneider.<\/span><\/p>\n<p>&nbsp;<\/p>\n<p>&nbsp;<\/p>\n<p><strong>Quarta-feita \u2013 27\/11\/2024<\/strong><\/p>\n<p><span style=\"font-size: 1rem;\">13:30 \u00e0s 15:00 \u2013 Narrativas Animadas<br \/><\/span>&#8211; Narrativas Visuais na Constru\u00e7\u00e3o do Horror em Anima\u00e7\u00f5es de Stop Motion. Alexia Silva da Silveira Araujo<br \/>&#8211; Potencialidades da narrativa transmidi\u00e1tica a partir da produ\u00e7\u00e3o seriada em anima\u00e7\u00e3o brasileira Irm\u00e3o do Jorel. Tiago Lenartovicz<br \/>&#8211; GIF &#8211; Nanonarrativas visuais animadas. Ana Maria Hoffemann de Carvalho<\/p>\n<p>&nbsp;<\/p>\n<p>15:30 \u00e0s 17:00 \u2013 Panorama Hist\u00f3rico<br \/>&#8211; Rotoscopia: t\u00e9cnica e estilo, do pr\u00e9-cinema ao p\u00f3s-cinema. Nilton Malta Soares<br \/>&#8211; Guerra e trauma, imagin\u00e1rio fabuloso versus realismo tr\u00e1gico no cinema documental de anima\u00e7\u00e3o de Ari Folman. Matheus Sarmento Albert\u00e3o<br \/>&#8211; Um paranaense no N\u00facleo Regional de Cinema de Anima\u00e7\u00e3o de Minas Gerais: a contribui\u00e7\u00e3o de Osmar Koxne para a anima\u00e7\u00e3o nacional. Elisangela Lobo Schirigatti<br \/>&#8211; Cartografando as anima\u00e7\u00f5es nas experi\u00eancias do MOSTRA-L\u00c1 e ANALISA-L\u00c1 \u2013 2023\/2. Bruno Azzani Braga<\/p>\n<p>&nbsp;<\/p>\n<p>&nbsp;<\/p>\n<p><strong>Quinta-feira \u2013 28\/11\/2024<\/strong><\/p>\n<p><span style=\"font-size: 1rem;\">09:30 \u00e0s 11:30 \u2013 Processos da Anima\u00e7\u00e3o (P1)<\/span><\/p>\n<p><span style=\"font-size: 1rem;\">&#8211; Esbo\u00e7os Figurativos como Resultado Criativo na Anima\u00e7\u00e3o. Antonio Fialho<br \/><\/span>&#8211; O Impacto do Contexto Hist\u00f3rico no Processo Criativo de Hayao Miyazaki: Uma an\u00e1lise de &#8220;O Menino e a Gar\u00e7a&#8221; (2023). Livia Motta<br \/>&#8211; Hiperfagia: processo de pr\u00e9-produ\u00e7\u00e3o de uma anima\u00e7\u00e3o pintada \u00e0 m\u00e3o. Amanda Moreira Marques da Silva<br \/>&#8211; Em busca de uma ontologia das imagens em movimento criadas por IA: tudo se torna anima\u00e7\u00e3o? Roberto Tietzmann<br \/>&#8211; Dennis Sabino e os Ca\u00e7adores de Botija: Cria\u00e7\u00e3o de s\u00e9rie animada atrav\u00e9s da colabora\u00e7\u00e3o com f\u00e3s na internet. C\u00e9sar Barbosa<\/p>\n<p>&nbsp;<\/p>\n<p>13:30 \u00e0s 15:30<strong> \u2013 <\/strong>Processos da Anima\u00e7\u00e3o (P2)<br \/>&#8211; \u00c0 tona: pr\u00e9-produ\u00e7\u00e3o de uma anima\u00e7\u00e3o autobiogr\u00e1fica sobre a rela\u00e7\u00e3o artista-desenho. Beatriz Rodriguez Couto<br \/>&#8211; Nosso jeito: Metodologia para desenvolvimento de projetos colaborativos de anima\u00e7\u00e3o na universidade p\u00fablica. Alana Barros<br \/><span style=\"font-size: 1rem;\">&#8211; O trabalho na anima\u00e7\u00e3o: uma perspectiva ergon\u00f4mica. Let\u00edcia Debastiani Frana<br \/><\/span>&#8211; Processos criativos por tr\u00e1s do animatic sobre a releitura da lenda Teresa Bicuda. Nicoly Rubia<br \/><span style=\"font-size: 1rem;\">&#8211; Cadeia produtiva da Anima\u00e7\u00e3o: problemas e solu\u00e7\u00f5es. Amanda La\u00eds Lunardi Lima<\/span><\/p>\n<p>&nbsp;<\/p>\n<p>18:00 \u00e0s 20:30 \u2013 Interdisciplinaridade na Anima\u00e7\u00e3o<br \/>&#8211; Tecnologias de g\u00eanero: como os corpos monstruosos dos Vampiros representam g\u00eanero nas anima\u00e7\u00f5es? Helena Arioli Jamielniak<br \/><span style=\"font-size: 1rem;\">&#8211; Inser\u00e7\u00f5es animadas nas telenovelas brasileiras. Leonardo Souza Coutinho Nogueira<br \/><\/span>&#8211; Um Pixel Morreu e Chorei: Hiper-realidade emocional em Logan (2017) e The Last of Us Part II (2020). Washington Albuquerque<br \/>&#8211; O papel da anima\u00e7\u00e3o no funcionamento das interfaces gr\u00e1ficas. Silvia Regina Coelho Canevari<br \/>&#8211; Tecnologias de g\u00eanero: como o meio ambiente e g\u00eanero s\u00e3o articuladas nas anima\u00e7\u00f5es? Cecilia Klein Dobner<br \/><span style=\"font-size: 1rem;\">&#8211; O uso do flat design no aplicativo Headspace. Gabriela Ivo.<\/p>\n<p>ENCERRAMENTO<\/span><\/p>\n","protected":false},"excerpt":{"rendered":"<p>As Mesas seguem dispon\u00edveis em nosso Canal do Youtube:Semin\u00e1rio Brasileiro de Estudos em Anima\u00e7\u00e3o &#8211; YouTube Ter\u00e7a-feira \u2013 26\/11\/2024 09:00 \u00e0s 09:20 \u2013 Abertura Oficial do SeAnimalink para a Abertura:\u00a0\u00a0Semin\u00e1rio Brasileiro de Estudos em Anima\u00e7\u00e3o &#8211; YouTube 09:30 \u00e0s 11:30 Anima\u00e7\u00e3o, Sociedade e Mercado\u00a0&#8211;\u00a0 O desenho na inf\u00e2ncia: a influ\u00eancia das anima\u00e7\u00f5es. Giovanna Campos&#8211; O\u00a0 &hellip; <\/p>\n<p class=\"link-more\"><a href=\"http:\/\/seanima.org\/content\/programacao-2024\/\" class=\"more-link\">Continue lendo<span class=\"screen-reader-text\"> &#8220;Programa\u00e7\u00e3o 2024&#8221;<\/span><\/a><\/p>\n","protected":false},"author":12,"featured_media":0,"parent":0,"menu_order":0,"comment_status":"closed","ping_status":"closed","template":"","meta":{"footnotes":"","_links_to":"","_links_to_target":""},"class_list":["post-702","page","type-page","status-publish","hentry"],"_links":{"self":[{"href":"http:\/\/seanima.org\/content\/wp-json\/wp\/v2\/pages\/702","targetHints":{"allow":["GET"]}}],"collection":[{"href":"http:\/\/seanima.org\/content\/wp-json\/wp\/v2\/pages"}],"about":[{"href":"http:\/\/seanima.org\/content\/wp-json\/wp\/v2\/types\/page"}],"author":[{"embeddable":true,"href":"http:\/\/seanima.org\/content\/wp-json\/wp\/v2\/users\/12"}],"replies":[{"embeddable":true,"href":"http:\/\/seanima.org\/content\/wp-json\/wp\/v2\/comments?post=702"}],"version-history":[{"count":6,"href":"http:\/\/seanima.org\/content\/wp-json\/wp\/v2\/pages\/702\/revisions"}],"predecessor-version":[{"id":716,"href":"http:\/\/seanima.org\/content\/wp-json\/wp\/v2\/pages\/702\/revisions\/716"}],"wp:attachment":[{"href":"http:\/\/seanima.org\/content\/wp-json\/wp\/v2\/media?parent=702"}],"curies":[{"name":"wp","href":"https:\/\/api.w.org\/{rel}","templated":true}]}}