{"id":736,"date":"2025-12-23T08:04:09","date_gmt":"2025-12-23T11:04:09","guid":{"rendered":"http:\/\/seanima.org\/content\/?page_id=736"},"modified":"2026-03-30T11:30:52","modified_gmt":"2026-03-30T14:30:52","slug":"seanima6-2026-edicao-ufpel","status":"publish","type":"page","link":"http:\/\/seanima.org\/content\/seanima6-2026-edicao-ufpel\/","title":{"rendered":"SeAnima#6 . 2026 . edi\u00e7\u00e3o ufpel"},"content":{"rendered":"\n<p>A partir do dia <strong>23 de fevereiro<\/strong> de 2026 estar\u00e1 aberta a\u00a0<strong>submiss\u00e3o de trabalhos para o Semin\u00e1rio Brasileiro de Estudos em Anima\u00e7\u00e3o (SeAnima#6)<\/strong>, evento que re\u00fane pesquisadores das \u00e1reas de cinema, audiovisual e\u00a0<em>design<\/em>\u00a0do Brasil e suas correla\u00e7\u00f5es nos campos de\u00a0<em>games, motion graphics<\/em>\u00a0e efeitos visuais.\u00a0<\/p>\n\n\n\n<p>Para esta <strong>sexta edi\u00e7\u00e3o<\/strong> temos a novidade do evento retornar para a <strong>modalidade presencial<\/strong>, sendo realizado por equipe de professores e estudantes do curso Cinema de Anima\u00e7\u00e3o (Universidade Federal de Pelotas, UFPel) nos dias <strong>13 e 14 de maio de 2026<\/strong>. Al\u00e9m disso, estamos retomando uma miss\u00e3o que temos desse o in\u00edcio do SeAnima, em 2018: <strong>promover filmes de anima\u00e7\u00e3o universit\u00e1rios e brasileiros<\/strong>. Para isso acontecer, contamos com parceria especial do <a href=\"https:\/\/www.instagram.com\/fest_batatadoce\/\" data-type=\"link\" data-id=\"https:\/\/www.instagram.com\/fest_batatadoce\/\">2\u00ba Festival Universit\u00e1rio Batata Doce de Cinema de Anima\u00e7\u00e3o<\/a> que \u00e9 organizado e realizado pelos estudos do curso Cinema de Anima\u00e7\u00e3o (UFPel).<br><br>Teremos o imenso prazer de receb\u00ea-los na<strong>cidade de Pelotas (Rio Grande do Sul)<\/strong> sintam-se, desde j\u00e1, nossos convidados(as)! <\/p>\n\n\n\n<ul class=\"wp-block-list\">\n<li>Ser\u00e3o aceitas propostas de apresenta\u00e7\u00f5es nos seguintes eixos tem\u00e1ticos:<br>\n<ul class=\"wp-block-list\">\n<li><strong>Interdisciplinaridade na Anima\u00e7\u00e3o:&nbsp;<\/strong>intersec\u00e7\u00f5es da anima\u00e7\u00e3o com o cinema, audiovisual e&nbsp;<em>design<\/em>&nbsp;em suas \u00e1reas correlatas (<em>games, motion graphics<\/em>&nbsp;e efeitos visuais).<br><\/li>\n\n\n\n<li><strong>Processos da Anima\u00e7\u00e3o:&nbsp;<\/strong>relatos, an\u00e1lises e reflex\u00f5es feitas acerca dos processos de cria\u00e7\u00e3o e produ\u00e7\u00e3o de anima\u00e7\u00f5es.<br><\/li>\n\n\n\n<li><strong>Est\u00e9ticas Animadas:<\/strong>&nbsp;estudos e teoriza\u00e7\u00f5es da linguagem da anima\u00e7\u00e3o nas suas diversas express\u00f5es (visual, cin\u00e9tica, dentre outras).<br><\/li>\n\n\n\n<li><strong>Anima\u00e7\u00e3o, Forma\u00e7\u00e3o e Educa\u00e7\u00e3o:<\/strong>&nbsp;m\u00e9todos pedag\u00f3gicos de ensino-aprendizagem da anima\u00e7\u00e3o nos diversos n\u00edveis de forma\u00e7\u00e3o (t\u00e9cnico, gradua\u00e7\u00e3o, p\u00f3s-gradua\u00e7\u00e3o, entre outros).<br><\/li>\n\n\n\n<li><strong>Anima\u00e7\u00e3o, Sociedade e Mercado:<\/strong>&nbsp;debates, an\u00e1lises e perspectivas sobre as pr\u00e1ticas s\u00f3cio-culturais, econ\u00f4micas e profissionais em torno da anima\u00e7\u00e3o.<br><\/li>\n\n\n\n<li><strong>Panorama Hist\u00f3rico<\/strong>: registros e an\u00e1lises sobre autoria, ind\u00fastria, movimentos art\u00edsticos e t\u00e9cnicas de anima\u00e7\u00e3o.<br><\/li>\n\n\n\n<li><strong>Narrativas Animadas:&nbsp;<\/strong>processos e intera\u00e7\u00f5es entre linguagens (escrita, visual e audiovisual) no que tange \u00e0 narrativa, seja ela linear ou n\u00e3o.<\/li>\n<\/ul>\n<\/li>\n<\/ul>\n\n\n\n<p>Teremos mesas tem\u00e1ticas compostas pela apresenta\u00e7\u00e3o de <strong>resumos (at\u00e9 20 minutos) e debate com media\u00e7\u00e3o.<\/strong> Cabe destacar que o evento ser\u00e1 realizado somente na modalidade presencial e, portanto, \u00e9 necess\u00e1ria a presen\u00e7a de pelo menos um(a) dos autores(as). Realizaremos a transmiss\u00e3o ao vivo do evento, visando um p\u00fablico mais abrangente poss\u00edvel, embora n\u00e3o seja possibilitada, nesta edi\u00e7\u00e3o, apresenta\u00e7\u00f5es on-line.<br><br><strong>Aten\u00e7\u00e3o para as datas<\/strong> (atualizadas em 30\/03):<br><strong>. 06\/02\/2026:<\/strong> divulga\u00e7\u00e3o dos requisitos para submiss\u00e3o e regulamento geral do evento<br><strong>. 23\/02\/2026: <\/strong>in\u00edcio do prazo para submiss\u00e3o dos resumos<br><strong>. 24\/03\/2026:<\/strong> divulga\u00e7\u00e3o de sugest\u00f5es para transporte e hospedagem (Pelotas &#8211; RS)<br><strong>. 06\/04\/2026: <\/strong>fim do prazo para submiss\u00e3o dos resumos<br><strong>. 17\/04\/2026:<\/strong> at\u00e9 esta data, recebimento resposta dos pareceristas<br><strong>. 18 a 22\/04\/2026:<\/strong> at\u00e9 esta data, ajustes nos resumos (se necess\u00e1rio)<br><strong>. 25\/04\/2026:<\/strong> divulga\u00e7\u00e3o da programa\u00e7\u00e3o do evento<br><strong>. 13 a 14\/05\/2026:<\/strong> realiza\u00e7\u00e3o do evento<br><strong>. 29\/05\/2026:<\/strong> data limite para recebimentos dos certificados e divulga\u00e7\u00e3o dos anais desta edi\u00e7\u00e3o<\/p>\n\n\n\n<p>D\u00favidas adicionais: estamos \u00e0 disposi\u00e7\u00e3o no e-mail <a href=\"mailto:contato.seanima@gmail.com\">contato.seanima@gmail.com<\/a><br><br><strong>Comiss\u00e3o Organizadora SeAnima#6 . 2026<\/strong><br><em>Professores e estudantes do curso Cinema de Anima\u00e7\u00e3o (UFPel) <br>coordenados pela Profa. Dra. Carla Schneider, <br>Profa. Dra. Gissele Cardozo e <br>Prof. Dr. Guilherme Carvalho da Rosa<\/em><\/p>\n\n\n\n<p><\/p>\n","protected":false},"excerpt":{"rendered":"<p>A partir do dia 23 de fevereiro de 2026 estar\u00e1 aberta a\u00a0submiss\u00e3o de trabalhos para o Semin\u00e1rio Brasileiro de Estudos em Anima\u00e7\u00e3o (SeAnima#6), evento que re\u00fane pesquisadores das \u00e1reas de cinema, audiovisual e\u00a0design\u00a0do Brasil e suas correla\u00e7\u00f5es nos campos de\u00a0games, motion graphics\u00a0e efeitos visuais.\u00a0 Para esta sexta edi\u00e7\u00e3o temos a novidade do evento retornar para &hellip; <\/p>\n<p class=\"link-more\"><a href=\"http:\/\/seanima.org\/content\/seanima6-2026-edicao-ufpel\/\" class=\"more-link\">Continue lendo<span class=\"screen-reader-text\"> &#8220;SeAnima#6 . 2026 . edi\u00e7\u00e3o ufpel&#8221;<\/span><\/a><\/p>\n","protected":false},"author":4,"featured_media":0,"parent":0,"menu_order":0,"comment_status":"closed","ping_status":"closed","template":"","meta":{"footnotes":"","_links_to":"","_links_to_target":""},"class_list":["post-736","page","type-page","status-publish","hentry"],"_links":{"self":[{"href":"http:\/\/seanima.org\/content\/wp-json\/wp\/v2\/pages\/736","targetHints":{"allow":["GET"]}}],"collection":[{"href":"http:\/\/seanima.org\/content\/wp-json\/wp\/v2\/pages"}],"about":[{"href":"http:\/\/seanima.org\/content\/wp-json\/wp\/v2\/types\/page"}],"author":[{"embeddable":true,"href":"http:\/\/seanima.org\/content\/wp-json\/wp\/v2\/users\/4"}],"replies":[{"embeddable":true,"href":"http:\/\/seanima.org\/content\/wp-json\/wp\/v2\/comments?post=736"}],"version-history":[{"count":13,"href":"http:\/\/seanima.org\/content\/wp-json\/wp\/v2\/pages\/736\/revisions"}],"predecessor-version":[{"id":768,"href":"http:\/\/seanima.org\/content\/wp-json\/wp\/v2\/pages\/736\/revisions\/768"}],"wp:attachment":[{"href":"http:\/\/seanima.org\/content\/wp-json\/wp\/v2\/media?parent=736"}],"curies":[{"name":"wp","href":"https:\/\/api.w.org\/{rel}","templated":true}]}}