{"id":96,"date":"2018-07-22T12:15:40","date_gmt":"2018-07-22T15:15:40","guid":{"rendered":"http:\/\/seanima.org\/content\/?page_id=96"},"modified":"2019-04-23T12:38:13","modified_gmt":"2019-04-23T15:38:13","slug":"programacao-2018","status":"publish","type":"page","link":"http:\/\/seanima.org\/content\/programacao-2018\/","title":{"rendered":"programa\u00e7\u00e3o 2018"},"content":{"rendered":"<p>O Semin\u00e1rio Brasileiro de Estudos em Anima\u00e7\u00e3o (Seanima) ocorreu em 2018\u00a0 na <span style=\"font-weight: 400;\"><strong>Escola de Comunica\u00e7\u00e3o, Artes e Design Famecos da<\/strong>\u00a0<\/span><strong>Pontif\u00edcia Universidade Cat\u00f3lica do Rio Grande do Sul (PUCRS),\u00a0Av. Ipiranga, 6681, Porto Alegre\/RS entre os dias 11 e 12 de setembro<\/strong>. Segue abaixo a <strong>programa\u00e7\u00e3o <\/strong><strong>do evento<\/strong>:<\/p>\n<p><strong>ter\u00e7a-feira 11\/09 (09:00\u00a0 \u00e0s 12:00)<br \/>\n<span style=\"color: #00ccff;\">Audit\u00f3rio da\u00a0Escola de Comunica\u00e7\u00e3o, Artes e Design Famecos (pr\u00e9dio 7)<\/span><br \/>\n<\/strong><br \/>\n<span style=\"color: #000000;\">Cerim\u00f4nia de Abertura<\/span><br \/>\n<span style=\"color: #000000;\"><br \/>\nApresenta\u00e7\u00e3o de escolas que desenvolvem anima\u00e7\u00e3o, motion design, efeitos visuais e games:<\/span><\/p>\n<p style=\"padding-left: 60px;\">Antonio Fialho (UFMG\/MG)<br \/>\nCarla Schneider (UFPEL\/RS)<br \/>\nCl\u00e1udia Bolshaw (PUC-Rio\/RJ)<br \/>\nEduardo Wannmacher (PUCRS\/RS)<br \/>\nEliseu Lopes (FAAP\/SP) <em>por v\u00eddeo<\/em><br \/>\nGabriel Cruz (UVA\/RJ)<br \/>\nJames Zort\u00e9a (Unisinos\/RS)<br \/>\nJo\u00e3o Boldrini (Melies\/SP) <em>por\u00a0v\u00eddeo<\/em><br \/>\nJo\u00e3o Paulo Schlittler (USP\/SP)<br \/>\nLeonardo Marques (ESPM\/RJ)<br \/>\nLucina Viana (Unicuritiba\/PR)<br \/>\nMilena Szafir (UFC\/CE)<br \/>\nSergio Nesteriuk \u00a0(UAM\/SP) <em>por v\u00eddeo<\/em><\/p>\n<p>&nbsp;<\/p>\n<p><strong>ter\u00e7a-feira\u00a0 11\/09 (14:00 \u00e0s 17:30)<br \/>\n<span style=\"color: #00ccff;\">Audit\u00f3rio da\u00a0Escola de Comunica\u00e7\u00e3o, Artes e Design Famecos (pr\u00e9dio 7)<\/span><br \/>\n<\/strong>Ocorreu a apresenta\u00e7\u00e3o das seguintes pesquisas de 2018:<\/p>\n<p><span style=\"color: #33cccc;\"><strong>GAG#1 Tematiza\u00e7\u00f5es na Anima\u00e7\u00e3o<\/strong><\/span><\/p>\n<table width=\"582\">\n<tbody>\n<tr>\n<td width=\"270\">Os cen\u00e1rios como elemento narrativo em Steven Universo<\/td>\n<td width=\"40\"><\/td>\n<td width=\"264\"><em>Andrezza Tartarotti Postay<\/em><\/td>\n<\/tr>\n<tr>\n<td width=\"270\">O document\u00e1rio animado e o encantado mundo da realidade brasileira<\/td>\n<td width=\"40\"><\/td>\n<td width=\"264\"><em>Jennifer Serra<\/em><\/td>\n<\/tr>\n<\/tbody>\n<\/table>\n<p><span style=\"color: #33cccc;\"><strong>GAG#2\u00a0Panoramas e Processos da Anima\u00e7\u00e3o\u00a0<\/strong><\/span><\/p>\n<table width=\"524\">\n<tbody>\n<tr>\n<td width=\"243\">Processo de produ\u00e7\u00e3o de uma anima\u00e7\u00e3o: Uma abordagem te\u00f3rica<\/td>\n<td width=\"36\"><\/td>\n<td width=\"238\"><em>Elisangela Lobo Schirigatti e\u00a0Ilan Avrichir<\/em><\/td>\n<\/tr>\n<tr>\n<td width=\"243\">M\u00e1gica e anima\u00e7\u00e3o: parada para substitui\u00e7\u00e3o, stop motion e pixillation<\/td>\n<td width=\"36\"><\/td>\n<td width=\"238\"><em>Marina Teixeira Kerber<\/em><\/td>\n<\/tr>\n<\/tbody>\n<\/table>\n<p><span style=\"color: #33cccc;\"><strong>GAG#3 Est\u00e9ticas Animadas<\/strong><\/span><\/p>\n<table width=\"524\">\n<tbody>\n<tr>\n<td width=\"243\">Videogame, Est\u00e9tica e Hist\u00f3ria da Arte: estilo e tradi\u00e7\u00e3o na ilustra\u00e7\u00e3o din\u00e2mica interativa<\/td>\n<td width=\"36\"><\/td>\n<td width=\"238\"><em>Rafael Machado Costa<\/em><\/td>\n<\/tr>\n<tr>\n<td width=\"243\">Cinema Bruto<\/td>\n<td width=\"36\"><\/td>\n<td width=\"238\"><em>Andr\u00e9 Luis Porto Macedo<\/em><\/td>\n<\/tr>\n<tr>\n<td width=\"243\">Concep\u00e7\u00f5es cenogr\u00e1ficas da anima\u00e7\u00e3o stop motion Leste Europeu<\/td>\n<td width=\"36\"><\/td>\n<td width=\"238\"><em>P\u00e2mela Peregrino<\/em><\/td>\n<\/tr>\n<tr>\n<td width=\"243\">Da anima\u00e7\u00e3o para o anime: configura\u00e7\u00f5es est\u00e9ticas de composi\u00e7\u00e3o e intervalo<\/td>\n<td width=\"36\"><\/td>\n<td width=\"238\"><em>Angela Longo<\/em><\/td>\n<\/tr>\n<tr>\n<td width=\"243\">O C\u00f3digo He-Man: narrativas forjadas em um banco de dados anal\u00f3gico<\/td>\n<td width=\"36\"><\/td>\n<td width=\"238\"><em>Augusto Ramos Bozzetti<\/em><\/td>\n<\/tr>\n<tr>\n<td width=\"243\">Interfer\u00eancias est\u00e9ticas: a imagem como corpo narrativo<\/td>\n<td width=\"36\"><\/td>\n<td width=\"238\"><em>Eliane Muniz Gordeeff<\/em><\/td>\n<\/tr>\n<\/tbody>\n<\/table>\n<p><strong style=\"font-size: 1rem;\">ter\u00e7a-feira\u00a0 11\/09 (18:00 \u00e0s 20:00)<\/strong><\/p>\n<p><strong><span style=\"color: #00ccff;\">Audit\u00f3rio da\u00a0Escola de Comunica\u00e7\u00e3o, Artes e Design Famecos (pr\u00e9dio 7)<\/span><\/strong><br \/>\nMostra de curtas-metragens de anima\u00e7\u00e3o de escolas brasileiras:<\/p>\n<p>Anhembi Morumbi\/SP<br \/>\nESPM\/RJ<br \/>\nPUC-Rio\/RJ<br \/>\nPUCRS\/RS<br \/>\nUFPEL\/RS<br \/>\nUnicuritiba\/PR<br \/>\nUnisinos\/RS<br \/>\nUSP\/SP<br \/>\nUVA\/RJ<\/p>\n<p>Lan\u00e7amento do livro <a href=\"https:\/\/abraccine.org\/2018\/05\/28\/abraccine-e-abca-lancam-livro-no-festival-de-annecy\/\" target=\"_blank\" rel=\"noopener\">Anima\u00e7\u00e3o Brasileira 100 Filmes Essenciais<\/a> (Abraccine) na Seanima<\/p>\n<p><strong>quarta-feira 12\/09 (09:00 \u00e0s 13:00)<br \/>\n<span style=\"color: #00ccff;\">Audit\u00f3rio da\u00a0Escola de Comunica\u00e7\u00e3o, Artes e Design Famecos (pr\u00e9dio 7)<\/span><\/strong><br \/>\nOcorreu a apresenta\u00e7\u00e3o das seguintes pesquisas de 2018:<\/p>\n<p><strong><span style=\"color: #33cccc;\">GAG#4 Ensino de Anima\u00e7\u00e3o<\/span><\/strong><\/p>\n<table width=\"524\">\n<tbody>\n<tr>\n<td width=\"243\">Cinema de Anima\u00e7\u00e3o e suas Intersec\u00e7\u00f5es: Mapeamento Brasileiro no Ensino e Pesquisa<\/td>\n<td width=\"36\"><\/td>\n<td width=\"238\"><em>Carla Schneider e Guilherme Carvalho da Rosa<\/em><\/td>\n<\/tr>\n<tr>\n<td width=\"243\">Projeto de stop motion em ambiente acad\u00eamico: um relato da atividade de anima\u00e7\u00e3o no CRAV UNISINOS<\/td>\n<td width=\"36\"><\/td>\n<td width=\"238\"><em>James Zort\u00e9a Gomes<\/em><\/td>\n<\/tr>\n<tr>\n<td width=\"243\">Os antecedentes do cinema de anima\u00e7\u00e3o no ensino de Design<\/td>\n<td width=\"36\"><\/td>\n<td width=\"238\"><em>Gabriel Filipe Santiago Cruz<\/em><\/td>\n<\/tr>\n<tr>\n<td width=\"243\">Anima\u00e7\u00e3o: uma linguagem com voca\u00e7\u00e3o inclusiva<\/td>\n<td width=\"36\"><\/td>\n<td width=\"238\"><em>Claudia Bolshaw<\/em><\/td>\n<\/tr>\n<tr>\n<td width=\"243\">Reflex\u00f5es sobre o ensino de roteiro para estudantes de anima\u00e7\u00e3o<\/td>\n<td width=\"36\"><\/td>\n<td width=\"238\"><em>Roberta Almeida de Freitas e Daniele Spada Tavares<\/em><\/td>\n<\/tr>\n<\/tbody>\n<\/table>\n<p><span style=\"color: #33cccc;\"><strong>GAG#5 Anima\u00e7\u00e3o de G\u00eanero<\/strong><\/span><\/p>\n<table width=\"524\">\n<tbody>\n<tr>\n<td width=\"243\">Personagens femininas na anima\u00e7\u00e3o contempor\u00e2nea: um olhar a partir da teoria e da cr\u00edtica feminista<\/td>\n<td width=\"36\"><\/td>\n<td width=\"238\"><em>Ana Paula Cruz Penkala Dias<\/em><\/td>\n<\/tr>\n<\/tbody>\n<\/table>\n<p><span style=\"color: #33cccc;\"><strong>GAG#6 Anima\u00e7\u00e3o de Bordas<\/strong><\/span><\/p>\n<table width=\"524\">\n<tbody>\n<tr>\n<td width=\"243\">A arte da anima\u00e7\u00e3o e suas fronteiras<\/td>\n<td width=\"36\"><\/td>\n<td width=\"238\"><em>Jo\u00e3o Paulo Amaral Schlittler<\/em><\/td>\n<\/tr>\n<tr>\n<td width=\"243\">A evolu\u00e7\u00e3o do motion graphics: da narrativa do cinema para a autonomia audiovisual<\/td>\n<td width=\"36\"><\/td>\n<td width=\"238\"><em>Raphael Guaran\u00e1 Sagatio<\/em><\/td>\n<\/tr>\n<tr>\n<td width=\"243\">Paisagem Sonora Audiovisual<\/td>\n<td width=\"36\"><\/td>\n<td width=\"238\"><em>Gerson Rios Leme<\/em><\/td>\n<\/tr>\n<tr>\n<td width=\"243\">Quando Montagem Audiovisual se torna Design: o ensino de motion graphics nas artes cinematogr\u00e1ficas<\/td>\n<td width=\"36\"><\/td>\n<td width=\"238\"><em>Milena Szafir<\/em><\/td>\n<\/tr>\n<\/tbody>\n<\/table>\n<p><span style=\"color: #33cccc;\"><strong>GAG#7 Anima\u00e7\u00e3o e Mercado<\/strong><\/span><\/p>\n<table width=\"524\">\n<tbody>\n<tr>\n<td width=\"243\">O mercado global da anima\u00e7\u00e3o: oportunidades para os pa\u00edses em desenvolvimento<\/td>\n<td width=\"36\"><\/td>\n<td width=\"238\"><em>Alessandra Meleiro<\/em><\/td>\n<\/tr>\n<tr>\n<td width=\"243\">O Fomento \u00e0 Anima\u00e7\u00e3o no Peru<\/td>\n<td width=\"36\"><\/td>\n<td width=\"238\"><em>Carla Daniela Rabelo Rodrigues<\/em><\/td>\n<\/tr>\n<tr>\n<td width=\"243\">S\u00e9ries de anima\u00e7\u00e3o brasileiras e as narrativas de marca<\/td>\n<td width=\"36\"><\/td>\n<td width=\"238\"><em>Marcus Vin\u00edcius Guio de Camargo<\/em><\/td>\n<\/tr>\n<tr>\n<td width=\"243\">Inicia\u00e7\u00e3o cient\u00edfica em Design de Anima\u00e7\u00e3o: desafios e perspectivas<\/td>\n<td width=\"36\"><\/td>\n<td width=\"238\"><em>Lucina Reitenbach Viana\u00a0<\/em><\/td>\n<\/tr>\n<tr>\n<td width=\"243\">Mercado de VFX internacional: Propostas para o mercado nacional<\/td>\n<td width=\"36\"><\/td>\n<td width=\"238\"><em>Jonas Almeida<\/em><\/td>\n<\/tr>\n<\/tbody>\n<\/table>\n<p><strong>quarta-feira 12\/09 (14:00 \u00e0s 16:00)<br \/>\n<\/strong><strong><span style=\"color: #00ccff;\">Audit\u00f3rio da\u00a0Escola de Comunica\u00e7\u00e3o, Artes e Design Famecos (pr\u00e9dio 7)<\/span><\/strong><br \/>\nRealizou-se a assembleia com interessados para discuss\u00e3o de possibilidades da forma\u00e7\u00e3o de redes de pesquisadores entre pesquisadores de anima\u00e7\u00e3o, motion design, efeitos visuais e games.<\/p>\n<p>&nbsp;<\/p>\n","protected":false},"excerpt":{"rendered":"<p>O Semin\u00e1rio Brasileiro de Estudos em Anima\u00e7\u00e3o (Seanima) ocorreu em 2018\u00a0 na Escola de Comunica\u00e7\u00e3o, Artes e Design Famecos da\u00a0Pontif\u00edcia Universidade Cat\u00f3lica do Rio Grande do Sul (PUCRS),\u00a0Av. Ipiranga, 6681, Porto Alegre\/RS entre os dias 11 e 12 de setembro. Segue abaixo a programa\u00e7\u00e3o do evento: ter\u00e7a-feira 11\/09 (09:00\u00a0 \u00e0s 12:00) Audit\u00f3rio da\u00a0Escola de Comunica\u00e7\u00e3o, &hellip; <\/p>\n<p class=\"link-more\"><a href=\"http:\/\/seanima.org\/content\/programacao-2018\/\" class=\"more-link\">Continue lendo<span class=\"screen-reader-text\"> &#8220;programa\u00e7\u00e3o 2018&#8221;<\/span><\/a><\/p>\n","protected":false},"author":1,"featured_media":0,"parent":0,"menu_order":0,"comment_status":"closed","ping_status":"closed","template":"","meta":{"footnotes":"","_links_to":"","_links_to_target":""},"class_list":["post-96","page","type-page","status-publish","hentry"],"_links":{"self":[{"href":"http:\/\/seanima.org\/content\/wp-json\/wp\/v2\/pages\/96","targetHints":{"allow":["GET"]}}],"collection":[{"href":"http:\/\/seanima.org\/content\/wp-json\/wp\/v2\/pages"}],"about":[{"href":"http:\/\/seanima.org\/content\/wp-json\/wp\/v2\/types\/page"}],"author":[{"embeddable":true,"href":"http:\/\/seanima.org\/content\/wp-json\/wp\/v2\/users\/1"}],"replies":[{"embeddable":true,"href":"http:\/\/seanima.org\/content\/wp-json\/wp\/v2\/comments?post=96"}],"version-history":[{"count":34,"href":"http:\/\/seanima.org\/content\/wp-json\/wp\/v2\/pages\/96\/revisions"}],"predecessor-version":[{"id":308,"href":"http:\/\/seanima.org\/content\/wp-json\/wp\/v2\/pages\/96\/revisions\/308"}],"wp:attachment":[{"href":"http:\/\/seanima.org\/content\/wp-json\/wp\/v2\/media?parent=96"}],"curies":[{"name":"wp","href":"https:\/\/api.w.org\/{rel}","templated":true}]}}